{"id":775,"date":"2021-08-22T16:00:53","date_gmt":"2021-08-22T08:00:53","guid":{"rendered":"https:\/\/importube.com\/?page_id=775"},"modified":"2025-03-13T09:56:37","modified_gmt":"2025-03-13T01:56:37","slug":"privacy-policy","status":"publish","type":"page","link":"https:\/\/importube.com\/de\/datenschutzrichtlinie\/","title":{"rendered":"Datenschutzrichtlinie"},"content":{"rendered":"<div id=\"gap-396677687\" class=\"gap-element clearfix\" style=\"display:block; height:auto;\">\n\t\t\n<style>\n#gap-396677687 {\n  padding-top: 30px;\n}\n<\/style>\n\t<\/div>\n\t\n\n<h1 style=\"text-align: left;\">Datenschutzrichtlinie<\/h1>\n<p>Gem\u00e4\u00df unserer\u00a0<a href=\"https:\/\/importube.com\/de\/nutzungsbedingungen\/\">Nutzungsbedingungen<\/a>Dieses Dokument beschreibt, wie wir personenbezogene Daten im Zusammenhang mit Ihrer Nutzung dieser Website und der darauf und \u00fcber sie angebotenen Dienste (der \u201eDienst\u201c) behandeln, einschlie\u00dflich der Informationen, die Sie bei der Nutzung angeben.<\/p>\n<p>Wir beschr\u00e4nken die Nutzung des Dienstes ausdr\u00fccklich und streng auf Erwachsene \u00fcber 18 Jahren oder das Vollj\u00e4hrigkeitsalter in der Gerichtsbarkeit der betreffenden Person, je nachdem, welches Alter h\u00f6her ist. Personen unter diesem Alter ist die Nutzung des Dienstes strengstens untersagt. Wir suchen oder sammeln wissentlich keine pers\u00f6nlichen Informationen oder Daten von Personen, die dieses Alter noch nicht erreicht haben.<\/p>\n<p><span class=\"b\">Erfasste Daten<\/span><br \/><span class=\"i\">Nutzung des Dienstes.<\/span>\u00a0Wenn Sie auf den Dienst zugreifen, die Suchfunktion verwenden, Dateien konvertieren oder Dateien herunterladen, k\u00f6nnen Ihre IP-Adresse, Ihr Herkunftsland und andere nicht personenbezogene Daten zu Ihrem Computer oder Ger\u00e4t (wie Webanforderungen, Browsertyp, Browsersprache, Verweis-URL, Betriebssystem und Datum und Uhrzeit der Anforderungen) f\u00fcr Protokolldateiinformationen, aggregierte Verkehrsinformationen und f\u00fcr den Fall eines Missbrauchs von Informationen und\/oder Inhalten aufgezeichnet werden.<\/p>\n<p><span class=\"i\">Nutzungsinformationen.<\/span>\u00a0Wir k\u00f6nnen Informationen \u00fcber Ihre Nutzung des Dienstes aufzeichnen, beispielsweise Ihre Suchbegriffe, die Inhalte, auf die Sie zugreifen und die Sie herunterladen, und andere Statistiken.<\/p>\n<p><span class=\"i\">Hochgeladener Inhalt.<\/span>\u00a0S\u00e4mtliche Inhalte, die Sie \u00fcber den Dienst hochladen, abrufen oder \u00fcbermitteln, k\u00f6nnen von uns erfasst werden.<\/p>\n<p><span class=\"i\">Korrespondenzen.<\/span>\u00a0Wir k\u00f6nnen eine Aufzeichnung der gesamten Korrespondenz zwischen Ihnen und uns aufbewahren.<\/p>\n<p><span class=\"i\">Kekse.<\/span>\u00a0Wenn Sie den Dienst nutzen, k\u00f6nnen wir Cookies an Ihren Computer senden, um Ihre Browsersitzung eindeutig zu identifizieren. Wir k\u00f6nnen sowohl Sitzungscookies als auch dauerhafte Cookies verwenden.<\/p>\n<p><span class=\"b\">Datennutzung<\/span><br \/>Wir k\u00f6nnen Ihre Informationen verwenden, um Ihnen bestimmte Funktionen bereitzustellen und eine personalisierte Erfahrung mit dem Service zu schaffen. Wir k\u00f6nnen diese Informationen auch verwenden, um Funktionen und Funktionalit\u00e4t des Service zu betreiben, zu warten und zu verbessern.<\/p>\n<p>Wir verwenden Cookies, Web Beacons und andere Informationen, um Informationen zu speichern, damit Sie diese bei zuk\u00fcnftigen Besuchen nicht erneut eingeben m\u00fcssen, um personalisierte Inhalte und Informationen bereitzustellen, die Effektivit\u00e4t des Dienstes zu \u00fcberwachen und aggregierte Kennzahlen wie die Anzahl der Besucher und Seitenaufrufe zu \u00fcberwachen (auch zur \u00dcberwachung von Besuchern von Partnern). Sie k\u00f6nnen auch verwendet werden, um gezielte Werbung basierend auf Ihrem Herkunftsland und anderen pers\u00f6nlichen Informationen bereitzustellen.<\/p>\n<p>Wir k\u00f6nnen Ihre pers\u00f6nlichen Daten mit pers\u00f6nlichen Daten anderer Mitglieder und Benutzer zusammenf\u00fchren und diese Daten zu Marketing- und Werbezwecken an Werbetreibende und andere Drittparteien weitergeben.<\/p>\n<p>Wir k\u00f6nnen Ihre Informationen verwenden, um Werbeaktionen, Wettbewerbe, Umfragen und andere Funktionen und Veranstaltungen durchzuf\u00fchren.<\/p>\n<p><span class=\"b\">Offenlegung von Informationen<\/span><br \/>Wir sind m\u00f6glicherweise verpflichtet, bestimmte Daten offenzulegen, um gesetzlichen Verpflichtungen nachzukommen oder um unsere\u00a0<a href=\"https:\/\/importube.com\/de\/nutzungsbedingungen\/\">Nutzungsbedingungen<\/a>\u00a0und andere Vereinbarungen. Wir k\u00f6nnen auch bestimmte Daten freigeben, um die Rechte, das Eigentum oder die Sicherheit von uns, unseren Benutzern und anderen zu sch\u00fctzen. Dazu geh\u00f6rt die Bereitstellung von Informationen an andere Unternehmen oder Organisationen wie die Polizei oder Regierungsbeh\u00f6rden zum Zwecke des Schutzes vor oder der Verfolgung illegaler Aktivit\u00e4ten, unabh\u00e4ngig davon, ob diese in der\u00a0<a href=\"https:\/\/importube.com\/de\/nutzungsbedingungen\/\">Nutzungsbedingungen<\/a>.<\/p>\n<p>Wenn Sie illegales oder nicht autorisiertes Material an den Dienst hochladen, darauf zugreifen oder es \u00fcbertragen oder wenn der Verdacht besteht, dass Sie dies tun, k\u00f6nnen wir alle verf\u00fcgbaren Informationen ohne vorherige Ank\u00fcndigung an die zust\u00e4ndigen Beh\u00f6rden, einschlie\u00dflich der jeweiligen Urheberrechtsinhaber, weiterleiten.<\/p>\n<p><span class=\"b\">Verschiedenes<\/span><br \/>Obwohl wir kommerziell angemessene physische, organisatorische und technische Sicherheitsma\u00dfnahmen ergreifen, um Ihre Daten zu sch\u00fctzen, ist die \u00dcbertragung von Daten \u00fcber das Internet nicht vollkommen sicher und wir k\u00f6nnen die Sicherheit der Daten oder Inhalte, die Sie uns \u00fcbermitteln, nicht gew\u00e4hrleisten oder garantieren. Alle Daten oder Inhalte, die Sie uns \u00fcbermitteln, werden auf Ihr eigenes Risiko \u00fcbertragen.<\/p>","protected":false},"excerpt":{"rendered":"","protected":false},"author":8,"featured_media":0,"parent":0,"menu_order":0,"comment_status":"closed","ping_status":"closed","template":"","meta":{"footnotes":""},"class_list":["post-775","page","type-page","status-publish","hentry"],"yoast_head":"<!-- This site is optimized with the Yoast SEO plugin v24.4 - https:\/\/yoast.com\/wordpress\/plugins\/seo\/ -->\n<title>Privacy Policy - Importube Downloader<\/title>\n<meta name=\"robots\" content=\"index, follow, max-snippet:-1, max-image-preview:large, max-video-preview:-1\" \/>\n<link rel=\"canonical\" href=\"https:\/\/importube.com\/de\/datenschutzrichtlinie\/\" \/>\n<meta property=\"og:locale\" content=\"de_DE\" \/>\n<meta property=\"og:type\" content=\"article\" \/>\n<meta property=\"og:title\" content=\"Privacy Policy - Importube Downloader\" \/>\n<meta property=\"og:url\" content=\"https:\/\/importube.com\/de\/datenschutzrichtlinie\/\" \/>\n<meta property=\"og:site_name\" content=\"Importube Downloader\" \/>\n<meta property=\"article:modified_time\" content=\"2025-03-13T01:56:37+00:00\" \/>\n<meta name=\"twitter:card\" content=\"summary_large_image\" \/>\n<script type=\"application\/ld+json\" class=\"yoast-schema-graph\">{\"@context\":\"https:\/\/schema.org\",\"@graph\":[{\"@type\":\"WebPage\",\"@id\":\"https:\/\/importube.com\/privacy-policy\/\",\"url\":\"https:\/\/importube.com\/privacy-policy\/\",\"name\":\"Privacy Policy - Importube Downloader\",\"isPartOf\":{\"@id\":\"https:\/\/importube.com\/#website\"},\"datePublished\":\"2021-08-22T08:00:53+00:00\",\"dateModified\":\"2025-03-13T01:56:37+00:00\",\"breadcrumb\":{\"@id\":\"https:\/\/importube.com\/privacy-policy\/#breadcrumb\"},\"inLanguage\":\"de\",\"potentialAction\":[{\"@type\":\"ReadAction\",\"target\":[\"https:\/\/importube.com\/privacy-policy\/\"]}]},{\"@type\":\"BreadcrumbList\",\"@id\":\"https:\/\/importube.com\/privacy-policy\/#breadcrumb\",\"itemListElement\":[{\"@type\":\"ListItem\",\"position\":1,\"name\":\"Home\",\"item\":\"https:\/\/importube.com\/\"},{\"@type\":\"ListItem\",\"position\":2,\"name\":\"Privacy Policy\"}]},{\"@type\":\"WebSite\",\"@id\":\"https:\/\/importube.com\/#website\",\"url\":\"https:\/\/importube.com\/\",\"name\":\"Importube Downloader\",\"description\":\"\",\"potentialAction\":[{\"@type\":\"SearchAction\",\"target\":{\"@type\":\"EntryPoint\",\"urlTemplate\":\"https:\/\/importube.com\/?s={search_term_string}\"},\"query-input\":{\"@type\":\"PropertyValueSpecification\",\"valueRequired\":true,\"valueName\":\"search_term_string\"}}],\"inLanguage\":\"de\"}]}<\/script>\n<!-- \/ Yoast SEO plugin. -->","yoast_head_json":{"title":"Privacy Policy - Importube Downloader","robots":{"index":"index","follow":"follow","max-snippet":"max-snippet:-1","max-image-preview":"max-image-preview:large","max-video-preview":"max-video-preview:-1"},"canonical":"https:\/\/importube.com\/de\/datenschutzrichtlinie\/","og_locale":"de_DE","og_type":"article","og_title":"Privacy Policy - Importube Downloader","og_url":"https:\/\/importube.com\/de\/datenschutzrichtlinie\/","og_site_name":"Importube Downloader","article_modified_time":"2025-03-13T01:56:37+00:00","twitter_card":"summary_large_image","schema":{"@context":"https:\/\/schema.org","@graph":[{"@type":"WebPage","@id":"https:\/\/importube.com\/privacy-policy\/","url":"https:\/\/importube.com\/privacy-policy\/","name":"Privacy Policy - Importube Downloader","isPartOf":{"@id":"https:\/\/importube.com\/#website"},"datePublished":"2021-08-22T08:00:53+00:00","dateModified":"2025-03-13T01:56:37+00:00","breadcrumb":{"@id":"https:\/\/importube.com\/privacy-policy\/#breadcrumb"},"inLanguage":"de","potentialAction":[{"@type":"ReadAction","target":["https:\/\/importube.com\/privacy-policy\/"]}]},{"@type":"BreadcrumbList","@id":"https:\/\/importube.com\/privacy-policy\/#breadcrumb","itemListElement":[{"@type":"ListItem","position":1,"name":"Home","item":"https:\/\/importube.com\/"},{"@type":"ListItem","position":2,"name":"Privacy Policy"}]},{"@type":"WebSite","@id":"https:\/\/importube.com\/#website","url":"https:\/\/importube.com\/","name":"Importube Downloader","description":"","potentialAction":[{"@type":"SearchAction","target":{"@type":"EntryPoint","urlTemplate":"https:\/\/importube.com\/?s={search_term_string}"},"query-input":{"@type":"PropertyValueSpecification","valueRequired":true,"valueName":"search_term_string"}}],"inLanguage":"de"}]}},"_links":{"self":[{"href":"https:\/\/importube.com\/de\/wp-json\/wp\/v2\/pages\/775","targetHints":{"allow":["GET"]}}],"collection":[{"href":"https:\/\/importube.com\/de\/wp-json\/wp\/v2\/pages"}],"about":[{"href":"https:\/\/importube.com\/de\/wp-json\/wp\/v2\/types\/page"}],"author":[{"embeddable":true,"href":"https:\/\/importube.com\/de\/wp-json\/wp\/v2\/users\/8"}],"replies":[{"embeddable":true,"href":"https:\/\/importube.com\/de\/wp-json\/wp\/v2\/comments?post=775"}],"version-history":[{"count":5,"href":"https:\/\/importube.com\/de\/wp-json\/wp\/v2\/pages\/775\/revisions"}],"predecessor-version":[{"id":1784,"href":"https:\/\/importube.com\/de\/wp-json\/wp\/v2\/pages\/775\/revisions\/1784"}],"wp:attachment":[{"href":"https:\/\/importube.com\/de\/wp-json\/wp\/v2\/media?parent=775"}],"curies":[{"name":"wp","href":"https:\/\/api.w.org\/{rel}","templated":true}]}}