{"id":775,"date":"2021-08-22T16:00:53","date_gmt":"2021-08-22T08:00:53","guid":{"rendered":"https:\/\/importube.com\/?page_id=775"},"modified":"2025-03-13T09:56:37","modified_gmt":"2025-03-13T01:56:37","slug":"privacy-policy","status":"publish","type":"page","link":"https:\/\/importube.com\/fi\/privacy-policy\/","title":{"rendered":"Tietosuojak\u00e4yt\u00e4nt\u00f6"},"content":{"rendered":"<div id=\"gap-1872322257\" class=\"gap-element clearfix\" style=\"display:block; height:auto;\">\n\t\t\n<style>\n#gap-1872322257 {\n  padding-top: 30px;\n}\n<\/style>\n\t<\/div>\n\t\n\n<h1 style=\"text-align: left;\">Tietosuojak\u00e4yt\u00e4nt\u00f6<\/h1>\n<p>Meid\u00e4n mukaan\u00a0<a href=\"https:\/\/importube.com\/fi\/terms-of-use\/\">K\u00e4ytt\u00f6ehdot<\/a>, t\u00e4ss\u00e4 asiakirjassa kuvataan, kuinka k\u00e4sittelemme t\u00e4m\u00e4n verkkosivuston k\u00e4ytt\u00f6\u00f6n ja sen kautta tarjottaviin palveluihin (&quot;Palvelu&quot;) liittyvi\u00e4 henkil\u00f6tietojasi, mukaan lukien tiedot, jotka annat k\u00e4ytt\u00e4ess\u00e4si sit\u00e4.<\/p>\n<p>Rajoitamme palvelun k\u00e4yt\u00f6n nimenomaisesti ja tiukasti yli 18-vuotiaisiin tai t\u00e4ysi-ik\u00e4isiin aikuisiin henkil\u00f6n laink\u00e4ytt\u00f6alueella sen mukaan, kumpi on suurempi. T\u00e4m\u00e4n ik\u00e4isilt\u00e4 henkil\u00f6ilt\u00e4 on ehdottomasti kielletty\u00e4 k\u00e4ytt\u00e4\u00e4 Palvelua. Emme tietoisesti etsi tai ker\u00e4\u00e4 henkil\u00f6tietoja henkil\u00f6ilt\u00e4, jotka eiv\u00e4t ole saavuttaneet t\u00e4t\u00e4 ik\u00e4\u00e4.<\/p>\n<p><span class=\"b\">Tiedot ker\u00e4tty<\/span><br \/><span class=\"i\">Palvelun k\u00e4ytt\u00e4minen.<\/span>\u00a0Kun k\u00e4yt\u00e4t Palvelua, k\u00e4yt\u00e4t hakutoimintoa, muunnat tiedostoja tai lataat tiedostoja, IP-osoitteesi, alkuper\u00e4maasi ja muut ei-henkil\u00f6kohtaiset tiedot tietokoneestasi tai laitteestasi (kuten verkkopyynn\u00f6t, selaimen tyyppi, selaimen kieli, viittaava URL-osoite, k\u00e4ytt\u00f6j\u00e4rjestelm\u00e4 ja pyynt\u00f6jen p\u00e4iv\u00e4m\u00e4\u00e4r\u00e4 ja kellonaika) voidaan tallentaa lokitiedostotietoa, koottua liikennetietoa ja tietojen ja\/tai sis\u00e4ll\u00f6n v\u00e4\u00e4rink\u00e4ytt\u00f6\u00e4 varten.<\/p>\n<p><span class=\"i\">K\u00e4ytt\u00f6tiedot.<\/span>\u00a0Saatamme tallentaa tietoja Palvelun k\u00e4yt\u00f6st\u00e4si, kuten hakutermej\u00e4si, k\u00e4ytt\u00e4m\u00e4\u00e4si ja lataamaasi sis\u00e4lt\u00f6\u00e4 ja muita tilastoja.<\/p>\n<p><span class=\"i\">Ladattu sis\u00e4lt\u00f6.<\/span>\u00a0Voimme ker\u00e4t\u00e4 kaiken sis\u00e4ll\u00f6n, jonka lataat, k\u00e4yt\u00e4t tai l\u00e4het\u00e4t Palvelun kautta.<\/p>\n<p><span class=\"i\">Kirjeenvaihdot.<\/span>\u00a0Saatamme pit\u00e4\u00e4 kirjaa kaikesta sinun ja meid\u00e4n v\u00e4lisest\u00e4 kirjeenvaihdosta.<\/p>\n<p><span class=\"i\">Ev\u00e4steet.<\/span>\u00a0Kun k\u00e4yt\u00e4t Palvelua, voimme l\u00e4hett\u00e4\u00e4 ev\u00e4steit\u00e4 tietokoneellesi tunnistaaksemme selainistunnon yksil\u00f6llisesti. Saatamme k\u00e4ytt\u00e4\u00e4 sek\u00e4 istuntoev\u00e4steit\u00e4 ett\u00e4 pysyvi\u00e4 ev\u00e4steit\u00e4.<\/p>\n<p><span class=\"b\">Datan k\u00e4ytt\u00f6<\/span><br \/>Saatamme k\u00e4ytt\u00e4\u00e4 tietojasi tarjotaksemme sinulle tiettyj\u00e4 ominaisuuksia ja luodaksemme henkil\u00f6kohtaisen kokemuksen Palvelusta. Saatamme k\u00e4ytt\u00e4\u00e4 n\u00e4it\u00e4 tietoja my\u00f6s Palvelun ominaisuuksien ja toimivuuden k\u00e4ytt\u00e4miseen, yll\u00e4pit\u00e4miseen ja parantamiseen.<\/p>\n<p>K\u00e4yt\u00e4mme ev\u00e4steit\u00e4, verkkoj\u00e4ljitteit\u00e4 ja muita tietoja tallentaaksemme tietoja, jotta sinun ei tarvitse sy\u00f6tt\u00e4\u00e4 niit\u00e4 uudelleen tulevilla vierailuilla, tarjota henkil\u00f6kohtaista sis\u00e4lt\u00f6\u00e4 ja tietoja, seurata Palvelun tehokkuutta ja seurata koostettuja mittareita, kuten k\u00e4vij\u00e4m\u00e4\u00e4r\u00e4\u00e4 ja sivun n\u00e4ytt\u00f6kertoja (mukaan lukien k\u00e4ytett\u00e4v\u00e4ksi tyt\u00e4ryhti\u00f6iden vierailijoiden seurantaan). Niit\u00e4 voidaan my\u00f6s k\u00e4ytt\u00e4\u00e4 kohdistetun mainonnan tarjoamiseen alkuper\u00e4maasi ja muiden henkil\u00f6tietojesi perusteella.<\/p>\n<p>Voimme yhdist\u00e4\u00e4 henkil\u00f6tietosi muiden j\u00e4senten ja k\u00e4ytt\u00e4jien henkil\u00f6tietoihin ja paljastaa n\u00e4m\u00e4 tiedot mainostajille ja muille kolmansille osapuolille markkinointi- ja myynninedist\u00e4mistarkoituksiin.<\/p>\n<p>Saatamme k\u00e4ytt\u00e4\u00e4 tietojasi kampanjoiden, kilpailujen, kyselyiden ja muiden ominaisuuksien ja tapahtumien j\u00e4rjest\u00e4miseen.<\/p>\n<p><span class=\"b\">Tietojen paljastaminen<\/span><br \/>Meit\u00e4 saatetaan vaatia luovuttamaan tiettyj\u00e4 tietoja noudattaaksemme lakis\u00e4\u00e4teisi\u00e4 velvoitteitamme tai valvoaksemme velvollisuuksiamme\u00a0<a href=\"https:\/\/importube.com\/fi\/terms-of-use\/\">K\u00e4ytt\u00f6ehdot<\/a>\u00a0ja muut sopimukset. Saatamme my\u00f6s luovuttaa tiettyj\u00e4 tietoja suojellaksemme meid\u00e4n, k\u00e4ytt\u00e4jiemme ja muiden oikeuksia, omaisuutta tai turvallisuutta. T\u00e4m\u00e4 sis\u00e4lt\u00e4\u00e4 tietojen toimittamisen muille yrityksille tai organisaatioille, kuten poliisille tai viranomaisille suojellakseen mit\u00e4 tahansa laitonta toimintaa tai syytteeseenpanoakseen siit\u00e4 riippumatta siit\u00e4, onko se tunnistettu\u00a0<a href=\"https:\/\/importube.com\/fi\/terms-of-use\/\">K\u00e4ytt\u00f6ehdot<\/a>.<\/p>\n<p>Jos lataat, k\u00e4yt\u00e4t tai l\u00e4het\u00e4t laitonta tai luvatonta materiaalia Palveluun tai sen kautta tai sinua ep\u00e4ill\u00e4\u00e4n tekev\u00e4n niin, voimme v\u00e4litt\u00e4\u00e4 kaikki saatavilla olevat tiedot asiaankuuluville viranomaisille, mukaan lukien tekij\u00e4noikeuksien omistajille, ilman sinulle ilmoittamatta.<\/p>\n<p><span class=\"b\">Sekalaista<\/span><br \/>Vaikka k\u00e4yt\u00e4mme kaupallisesti kohtuullisia fyysisi\u00e4, hallinnollisia ja teknisi\u00e4 suojakeinoja tietojesi suojaamiseksi, tietojen v\u00e4litt\u00e4minen Internetin kautta ei ole t\u00e4ysin turvallista, emmek\u00e4 voi taata tai taata mink\u00e4\u00e4n meille l\u00e4hett\u00e4m\u00e4si tiedon tai sis\u00e4ll\u00f6n turvallisuutta. Kaikki meille v\u00e4litt\u00e4m\u00e4si tiedot tai sis\u00e4lt\u00f6 tapahtuu omalla vastuullasi.<\/p>","protected":false},"excerpt":{"rendered":"","protected":false},"author":8,"featured_media":0,"parent":0,"menu_order":0,"comment_status":"closed","ping_status":"closed","template":"","meta":{"footnotes":""},"class_list":["post-775","page","type-page","status-publish","hentry"],"yoast_head":"<!-- This site is optimized with the Yoast SEO plugin v24.4 - https:\/\/yoast.com\/wordpress\/plugins\/seo\/ -->\n<title>Privacy Policy - Importube Downloader<\/title>\n<meta name=\"robots\" content=\"index, follow, max-snippet:-1, max-image-preview:large, max-video-preview:-1\" \/>\n<link rel=\"canonical\" href=\"https:\/\/importube.com\/fi\/privacy-policy\/\" \/>\n<meta property=\"og:locale\" content=\"fi_FI\" \/>\n<meta property=\"og:type\" content=\"article\" \/>\n<meta property=\"og:title\" content=\"Privacy Policy - Importube Downloader\" \/>\n<meta property=\"og:url\" content=\"https:\/\/importube.com\/fi\/privacy-policy\/\" \/>\n<meta property=\"og:site_name\" content=\"Importube Downloader\" \/>\n<meta property=\"article:modified_time\" content=\"2025-03-13T01:56:37+00:00\" \/>\n<meta name=\"twitter:card\" content=\"summary_large_image\" \/>\n<script type=\"application\/ld+json\" class=\"yoast-schema-graph\">{\"@context\":\"https:\/\/schema.org\",\"@graph\":[{\"@type\":\"WebPage\",\"@id\":\"https:\/\/importube.com\/privacy-policy\/\",\"url\":\"https:\/\/importube.com\/privacy-policy\/\",\"name\":\"Privacy Policy - Importube Downloader\",\"isPartOf\":{\"@id\":\"https:\/\/importube.com\/#website\"},\"datePublished\":\"2021-08-22T08:00:53+00:00\",\"dateModified\":\"2025-03-13T01:56:37+00:00\",\"breadcrumb\":{\"@id\":\"https:\/\/importube.com\/privacy-policy\/#breadcrumb\"},\"inLanguage\":\"fi\",\"potentialAction\":[{\"@type\":\"ReadAction\",\"target\":[\"https:\/\/importube.com\/privacy-policy\/\"]}]},{\"@type\":\"BreadcrumbList\",\"@id\":\"https:\/\/importube.com\/privacy-policy\/#breadcrumb\",\"itemListElement\":[{\"@type\":\"ListItem\",\"position\":1,\"name\":\"Home\",\"item\":\"https:\/\/importube.com\/\"},{\"@type\":\"ListItem\",\"position\":2,\"name\":\"Privacy Policy\"}]},{\"@type\":\"WebSite\",\"@id\":\"https:\/\/importube.com\/#website\",\"url\":\"https:\/\/importube.com\/\",\"name\":\"Importube Downloader\",\"description\":\"\",\"potentialAction\":[{\"@type\":\"SearchAction\",\"target\":{\"@type\":\"EntryPoint\",\"urlTemplate\":\"https:\/\/importube.com\/?s={search_term_string}\"},\"query-input\":{\"@type\":\"PropertyValueSpecification\",\"valueRequired\":true,\"valueName\":\"search_term_string\"}}],\"inLanguage\":\"fi\"}]}<\/script>\n<!-- \/ Yoast SEO plugin. -->","yoast_head_json":{"title":"Privacy Policy - Importube Downloader","robots":{"index":"index","follow":"follow","max-snippet":"max-snippet:-1","max-image-preview":"max-image-preview:large","max-video-preview":"max-video-preview:-1"},"canonical":"https:\/\/importube.com\/fi\/privacy-policy\/","og_locale":"fi_FI","og_type":"article","og_title":"Privacy Policy - Importube Downloader","og_url":"https:\/\/importube.com\/fi\/privacy-policy\/","og_site_name":"Importube Downloader","article_modified_time":"2025-03-13T01:56:37+00:00","twitter_card":"summary_large_image","schema":{"@context":"https:\/\/schema.org","@graph":[{"@type":"WebPage","@id":"https:\/\/importube.com\/privacy-policy\/","url":"https:\/\/importube.com\/privacy-policy\/","name":"Privacy Policy - Importube Downloader","isPartOf":{"@id":"https:\/\/importube.com\/#website"},"datePublished":"2021-08-22T08:00:53+00:00","dateModified":"2025-03-13T01:56:37+00:00","breadcrumb":{"@id":"https:\/\/importube.com\/privacy-policy\/#breadcrumb"},"inLanguage":"fi","potentialAction":[{"@type":"ReadAction","target":["https:\/\/importube.com\/privacy-policy\/"]}]},{"@type":"BreadcrumbList","@id":"https:\/\/importube.com\/privacy-policy\/#breadcrumb","itemListElement":[{"@type":"ListItem","position":1,"name":"Home","item":"https:\/\/importube.com\/"},{"@type":"ListItem","position":2,"name":"Privacy Policy"}]},{"@type":"WebSite","@id":"https:\/\/importube.com\/#website","url":"https:\/\/importube.com\/","name":"Importube Downloader","description":"","potentialAction":[{"@type":"SearchAction","target":{"@type":"EntryPoint","urlTemplate":"https:\/\/importube.com\/?s={search_term_string}"},"query-input":{"@type":"PropertyValueSpecification","valueRequired":true,"valueName":"search_term_string"}}],"inLanguage":"fi"}]}},"_links":{"self":[{"href":"https:\/\/importube.com\/fi\/wp-json\/wp\/v2\/pages\/775","targetHints":{"allow":["GET"]}}],"collection":[{"href":"https:\/\/importube.com\/fi\/wp-json\/wp\/v2\/pages"}],"about":[{"href":"https:\/\/importube.com\/fi\/wp-json\/wp\/v2\/types\/page"}],"author":[{"embeddable":true,"href":"https:\/\/importube.com\/fi\/wp-json\/wp\/v2\/users\/8"}],"replies":[{"embeddable":true,"href":"https:\/\/importube.com\/fi\/wp-json\/wp\/v2\/comments?post=775"}],"version-history":[{"count":5,"href":"https:\/\/importube.com\/fi\/wp-json\/wp\/v2\/pages\/775\/revisions"}],"predecessor-version":[{"id":1784,"href":"https:\/\/importube.com\/fi\/wp-json\/wp\/v2\/pages\/775\/revisions\/1784"}],"wp:attachment":[{"href":"https:\/\/importube.com\/fi\/wp-json\/wp\/v2\/media?parent=775"}],"curies":[{"name":"wp","href":"https:\/\/api.w.org\/{rel}","templated":true}]}}