{"id":775,"date":"2021-08-22T16:00:53","date_gmt":"2021-08-22T08:00:53","guid":{"rendered":"https:\/\/importube.com\/?page_id=775"},"modified":"2025-03-13T09:56:37","modified_gmt":"2025-03-13T01:56:37","slug":"privacy-policy","status":"publish","type":"page","link":"https:\/\/importube.com\/fr\/privacy-policy\/","title":{"rendered":"politique de confidentialit\u00e9"},"content":{"rendered":"<div id=\"gap-484138184\" class=\"gap-element clearfix\" style=\"display:block; height:auto;\">\n\t\t\n<style>\n#gap-484138184 {\n  padding-top: 30px;\n}\n<\/style>\n\t<\/div>\n\t\n\n<h1 style=\"text-align: left;\">politique de confidentialit\u00e9<\/h1>\n<p>Conform\u00e9ment \u00e0 notre\u00a0<a href=\"https:\/\/importube.com\/fr\/terms-of-use\/\">Conditions d&#039;utilisation<\/a>, ce document d\u00e9crit comment nous traitons les informations personnelles li\u00e9es \u00e0 votre utilisation de ce site Web et des services offerts sur et via celui-ci (le \u00ab Service \u00bb), y compris les informations que vous fournissez lors de son utilisation.<\/p>\n<p>Nous limitons express\u00e9ment et strictement l&#039;utilisation du Service aux adultes de plus de 18 ans ou \u00e0 l&#039;\u00e2ge de la majorit\u00e9 dans leur juridiction, selon l&#039;\u00e2ge le plus \u00e9lev\u00e9. Il est strictement interdit \u00e0 toute personne n&#039;ayant pas atteint cet \u00e2ge d&#039;utiliser le Service. Nous ne recherchons ni ne collectons sciemment aucune information ou donn\u00e9e personnelle aupr\u00e8s de personnes n&#039;ayant pas atteint cet \u00e2ge.<\/p>\n<p><span class=\"b\">Donn\u00e9es collect\u00e9es<\/span><br \/><span class=\"i\">Utilisation du service.<\/span>\u00a0Lorsque vous acc\u00e9dez au Service, utilisez la fonction de recherche, convertissez des fichiers ou t\u00e9l\u00e9chargez des fichiers, votre adresse IP, votre pays d&#039;origine et d&#039;autres informations non personnelles sur votre ordinateur ou appareil (telles que les requ\u00eates Web, le type de navigateur, la langue du navigateur, l&#039;URL de r\u00e9f\u00e9rence, le syst\u00e8me d&#039;exploitation et la date et l&#039;heure des requ\u00eates) peuvent \u00eatre enregistr\u00e9es pour les informations du fichier journal, les informations de trafic agr\u00e9g\u00e9es et dans le cas o\u00f9 il y aurait un d\u00e9tournement d&#039;informations et\/ou de contenu.<\/p>\n<p><span class=\"i\">Informations d&#039;utilisation.<\/span>\u00a0Nous pouvons enregistrer des informations sur votre utilisation du Service, telles que vos termes de recherche, le contenu auquel vous acc\u00e9dez et que vous t\u00e9l\u00e9chargez et d&#039;autres statistiques.<\/p>\n<p><span class=\"i\">Contenu t\u00e9l\u00e9charg\u00e9.<\/span>\u00a0Tout contenu que vous t\u00e9l\u00e9chargez, acc\u00e9dez ou transmettez via le Service peut \u00eatre collect\u00e9 par nous.<\/p>\n<p><span class=\"i\">Correspondances.<\/span>\u00a0Nous pouvons conserver un enregistrement de toute correspondance entre vous et nous.<\/p>\n<p><span class=\"i\">Cookies.<\/span>\u00a0Lorsque vous utilisez le Service, nous pouvons envoyer des cookies \u00e0 votre ordinateur pour identifier de mani\u00e8re unique votre session de navigation. Nous pouvons utiliser des cookies de session et des cookies persistants.<\/p>\n<p><span class=\"b\">Utilisation des donn\u00e9es<\/span><br \/>Nous pouvons utiliser vos informations pour vous fournir certaines fonctionnalit\u00e9s et personnaliser votre exp\u00e9rience sur le Service. Nous pouvons \u00e9galement les utiliser pour exploiter, maintenir et am\u00e9liorer les fonctionnalit\u00e9s du Service.<\/p>\n<p>Nous utilisons des cookies, des balises web et d&#039;autres informations pour stocker des informations afin que vous n&#039;ayez pas \u00e0 les saisir \u00e0 nouveau lors de vos prochaines visites, pour vous fournir du contenu et des informations personnalis\u00e9s, pour surveiller l&#039;efficacit\u00e9 du Service et pour suivre des indicateurs agr\u00e9g\u00e9s tels que le nombre de visiteurs et de pages vues (y compris pour le suivi des visiteurs de nos affili\u00e9s). Ils peuvent \u00e9galement \u00eatre utilis\u00e9s pour vous proposer des publicit\u00e9s cibl\u00e9es en fonction de votre pays d&#039;origine et d&#039;autres informations personnelles.<\/p>\n<p>Nous pouvons regrouper vos informations personnelles avec les informations personnelles d&#039;autres membres et utilisateurs, et divulguer ces informations \u00e0 des annonceurs et \u00e0 d&#039;autres tiers \u00e0 des fins de marketing et de promotion.<\/p>\n<p>Nous pouvons utiliser vos informations pour organiser des promotions, des concours, des sondages et d&#039;autres fonctionnalit\u00e9s et \u00e9v\u00e9nements.<\/p>\n<p><span class=\"b\">Divulgation d&#039;informations<\/span><br \/>Nous pouvons \u00eatre tenus de divulguer certaines donn\u00e9es pour nous conformer \u00e0 des obligations l\u00e9gales ou afin de faire respecter nos\u00a0<a href=\"https:\/\/importube.com\/fr\/terms-of-use\/\">Conditions d&#039;utilisation<\/a>\u00a0et d&#039;autres accords. Nous pouvons \u00e9galement divulguer certaines donn\u00e9es afin de prot\u00e9ger nos droits, nos biens ou notre s\u00e9curit\u00e9, ceux de nos utilisateurs et d&#039;autres personnes. Cela inclut la communication d&#039;informations \u00e0 d&#039;autres entreprises ou organisations, telles que la police ou les autorit\u00e9s gouvernementales, \u00e0 des fins de protection ou de poursuite contre toute activit\u00e9 ill\u00e9gale, identifi\u00e9e ou non dans le cadre de la loi.\u00a0<a href=\"https:\/\/importube.com\/fr\/terms-of-use\/\">Conditions d&#039;utilisation<\/a>.<\/p>\n<p>Si vous t\u00e9l\u00e9chargez, acc\u00e9dez ou transmettez du mat\u00e9riel ill\u00e9gal ou non autoris\u00e9 vers ou via le Service, ou si vous \u00eates soup\u00e7onn\u00e9 de le faire, nous pouvons transmettre toutes les informations disponibles aux autorit\u00e9s comp\u00e9tentes, y compris les propri\u00e9taires de droits d&#039;auteur respectifs, sans aucun pr\u00e9avis.<\/p>\n<p><span class=\"b\">Divers<\/span><br \/>Bien que nous prenions des mesures de protection physiques, administratives et techniques commercialement raisonnables pour s\u00e9curiser vos informations, la transmission d&#039;informations via Internet n&#039;est pas totalement s\u00e9curis\u00e9e et nous ne pouvons garantir la s\u00e9curit\u00e9 des informations ou contenus que vous nous transmettez. Toute transmission d&#039;informations ou de contenus se fait \u00e0 vos propres risques.<\/p>","protected":false},"excerpt":{"rendered":"","protected":false},"author":8,"featured_media":0,"parent":0,"menu_order":0,"comment_status":"closed","ping_status":"closed","template":"","meta":{"footnotes":""},"class_list":["post-775","page","type-page","status-publish","hentry"],"yoast_head":"<!-- This site is optimized with the Yoast SEO plugin v24.4 - https:\/\/yoast.com\/wordpress\/plugins\/seo\/ -->\n<title>Privacy Policy - Importube Downloader<\/title>\n<meta name=\"robots\" content=\"index, follow, max-snippet:-1, max-image-preview:large, max-video-preview:-1\" \/>\n<link rel=\"canonical\" href=\"https:\/\/importube.com\/fr\/privacy-policy\/\" \/>\n<meta property=\"og:locale\" content=\"fr_FR\" \/>\n<meta property=\"og:type\" content=\"article\" \/>\n<meta property=\"og:title\" content=\"Privacy Policy - Importube Downloader\" \/>\n<meta property=\"og:url\" content=\"https:\/\/importube.com\/fr\/privacy-policy\/\" \/>\n<meta property=\"og:site_name\" content=\"Importube Downloader\" \/>\n<meta property=\"article:modified_time\" content=\"2025-03-13T01:56:37+00:00\" \/>\n<meta name=\"twitter:card\" content=\"summary_large_image\" \/>\n<script type=\"application\/ld+json\" class=\"yoast-schema-graph\">{\"@context\":\"https:\/\/schema.org\",\"@graph\":[{\"@type\":\"WebPage\",\"@id\":\"https:\/\/importube.com\/privacy-policy\/\",\"url\":\"https:\/\/importube.com\/privacy-policy\/\",\"name\":\"Privacy Policy - Importube Downloader\",\"isPartOf\":{\"@id\":\"https:\/\/importube.com\/#website\"},\"datePublished\":\"2021-08-22T08:00:53+00:00\",\"dateModified\":\"2025-03-13T01:56:37+00:00\",\"breadcrumb\":{\"@id\":\"https:\/\/importube.com\/privacy-policy\/#breadcrumb\"},\"inLanguage\":\"fr-FR\",\"potentialAction\":[{\"@type\":\"ReadAction\",\"target\":[\"https:\/\/importube.com\/privacy-policy\/\"]}]},{\"@type\":\"BreadcrumbList\",\"@id\":\"https:\/\/importube.com\/privacy-policy\/#breadcrumb\",\"itemListElement\":[{\"@type\":\"ListItem\",\"position\":1,\"name\":\"Home\",\"item\":\"https:\/\/importube.com\/\"},{\"@type\":\"ListItem\",\"position\":2,\"name\":\"Privacy Policy\"}]},{\"@type\":\"WebSite\",\"@id\":\"https:\/\/importube.com\/#website\",\"url\":\"https:\/\/importube.com\/\",\"name\":\"Importube Downloader\",\"description\":\"\",\"potentialAction\":[{\"@type\":\"SearchAction\",\"target\":{\"@type\":\"EntryPoint\",\"urlTemplate\":\"https:\/\/importube.com\/?s={search_term_string}\"},\"query-input\":{\"@type\":\"PropertyValueSpecification\",\"valueRequired\":true,\"valueName\":\"search_term_string\"}}],\"inLanguage\":\"fr-FR\"}]}<\/script>\n<!-- \/ Yoast SEO plugin. -->","yoast_head_json":{"title":"Privacy Policy - Importube Downloader","robots":{"index":"index","follow":"follow","max-snippet":"max-snippet:-1","max-image-preview":"max-image-preview:large","max-video-preview":"max-video-preview:-1"},"canonical":"https:\/\/importube.com\/fr\/privacy-policy\/","og_locale":"fr_FR","og_type":"article","og_title":"Privacy Policy - Importube Downloader","og_url":"https:\/\/importube.com\/fr\/privacy-policy\/","og_site_name":"Importube Downloader","article_modified_time":"2025-03-13T01:56:37+00:00","twitter_card":"summary_large_image","schema":{"@context":"https:\/\/schema.org","@graph":[{"@type":"WebPage","@id":"https:\/\/importube.com\/privacy-policy\/","url":"https:\/\/importube.com\/privacy-policy\/","name":"Privacy Policy - Importube Downloader","isPartOf":{"@id":"https:\/\/importube.com\/#website"},"datePublished":"2021-08-22T08:00:53+00:00","dateModified":"2025-03-13T01:56:37+00:00","breadcrumb":{"@id":"https:\/\/importube.com\/privacy-policy\/#breadcrumb"},"inLanguage":"fr-FR","potentialAction":[{"@type":"ReadAction","target":["https:\/\/importube.com\/privacy-policy\/"]}]},{"@type":"BreadcrumbList","@id":"https:\/\/importube.com\/privacy-policy\/#breadcrumb","itemListElement":[{"@type":"ListItem","position":1,"name":"Home","item":"https:\/\/importube.com\/"},{"@type":"ListItem","position":2,"name":"Privacy Policy"}]},{"@type":"WebSite","@id":"https:\/\/importube.com\/#website","url":"https:\/\/importube.com\/","name":"Importube Downloader","description":"","potentialAction":[{"@type":"SearchAction","target":{"@type":"EntryPoint","urlTemplate":"https:\/\/importube.com\/?s={search_term_string}"},"query-input":{"@type":"PropertyValueSpecification","valueRequired":true,"valueName":"search_term_string"}}],"inLanguage":"fr-FR"}]}},"_links":{"self":[{"href":"https:\/\/importube.com\/fr\/wp-json\/wp\/v2\/pages\/775","targetHints":{"allow":["GET"]}}],"collection":[{"href":"https:\/\/importube.com\/fr\/wp-json\/wp\/v2\/pages"}],"about":[{"href":"https:\/\/importube.com\/fr\/wp-json\/wp\/v2\/types\/page"}],"author":[{"embeddable":true,"href":"https:\/\/importube.com\/fr\/wp-json\/wp\/v2\/users\/8"}],"replies":[{"embeddable":true,"href":"https:\/\/importube.com\/fr\/wp-json\/wp\/v2\/comments?post=775"}],"version-history":[{"count":5,"href":"https:\/\/importube.com\/fr\/wp-json\/wp\/v2\/pages\/775\/revisions"}],"predecessor-version":[{"id":1784,"href":"https:\/\/importube.com\/fr\/wp-json\/wp\/v2\/pages\/775\/revisions\/1784"}],"wp:attachment":[{"href":"https:\/\/importube.com\/fr\/wp-json\/wp\/v2\/media?parent=775"}],"curies":[{"name":"wp","href":"https:\/\/api.w.org\/{rel}","templated":true}]}}