{"id":775,"date":"2021-08-22T16:00:53","date_gmt":"2021-08-22T08:00:53","guid":{"rendered":"https:\/\/importube.com\/?page_id=775"},"modified":"2025-03-13T09:56:37","modified_gmt":"2025-03-13T01:56:37","slug":"privacy-policy","status":"publish","type":"page","link":"https:\/\/importube.com\/it\/privacy-policy\/","title":{"rendered":"politica sulla riservatezza"},"content":{"rendered":"<div id=\"gap-1396940600\" class=\"gap-element clearfix\" style=\"display:block; height:auto;\">\n\t\t\n<style>\n#gap-1396940600 {\n  padding-top: 30px;\n}\n<\/style>\n\t<\/div>\n\t\n\n<h1 style=\"text-align: left;\">politica sulla riservatezza<\/h1>\n<p>Ai sensi del nostro\u00a0<a href=\"https:\/\/importube.com\/it\/terms-of-use\/\">Termini di utilizzo<\/a>, il presente documento descrive come trattiamo le informazioni personali relative al tuo utilizzo di questo sito web e dei servizi offerti su e tramite esso (il &quot;Servizio&quot;), comprese le informazioni che fornisci durante il suo utilizzo.<\/p>\n<p>Limitiamo espressamente e rigorosamente l&#039;uso del Servizio agli adulti di et\u00e0 superiore ai 18 anni o all&#039;et\u00e0 della maggiore et\u00e0 nella giurisdizione dell&#039;individuo, a seconda di quale sia maggiore. A chiunque al di sotto di questa et\u00e0 \u00e8 severamente vietato utilizzare il Servizio. Non cerchiamo o raccogliamo consapevolmente informazioni o dati personali da persone che non hanno raggiunto questa et\u00e0.<\/p>\n<p><span class=\"b\">Dati raccolti<\/span><br \/><span class=\"i\">Utilizzo del Servizio.<\/span>\u00a0Quando accedi al Servizio, utilizzi la funzione di ricerca, converti file o scarichi file, il tuo indirizzo IP, il tuo paese di origine e altre informazioni non personali sul tuo computer o dispositivo (come richieste web, tipo di browser, lingua del browser, URL di riferimento, sistema operativo e data e ora delle richieste) potrebbero essere registrate per informazioni sui file di registro, informazioni aggregate sul traffico e nel caso in cui si verifichi un&#039;appropriazione indebita di informazioni e\/o contenuti.<\/p>\n<p><span class=\"i\">Informazioni sull&#039;utilizzo.<\/span>\u00a0Potremmo registrare informazioni sul tuo utilizzo del Servizio, come i termini di ricerca, i contenuti a cui accedi e che scarichi e altre statistiche.<\/p>\n<p><span class=\"i\">Contenuto caricato.<\/span>\u00a0Potremmo raccogliere qualsiasi contenuto caricato, a cui accedi o che trasmetti tramite il Servizio.<\/p>\n<p><span class=\"i\">Corrispondenze.<\/span>\u00a0Potremmo conservare un registro di tutta la corrispondenza intercorsa tra te e noi.<\/p>\n<p><span class=\"i\">Biscotti.<\/span>\u00a0Quando utilizzi il Servizio, potremmo inviare cookie al tuo computer per identificare in modo univoco la sessione del tuo browser. Potremmo utilizzare sia cookie di sessione che cookie persistenti.<\/p>\n<p><span class=\"b\">Utilizzo dei dati<\/span><br \/>Potremmo utilizzare le tue informazioni per fornirti determinate funzionalit\u00e0 e per creare un&#039;esperienza personalizzata sul Servizio. Potremmo anche utilizzare tali informazioni per gestire, mantenere e migliorare le funzionalit\u00e0 e le caratteristiche del Servizio.<\/p>\n<p>Utilizziamo cookie, web beacon e altre informazioni per memorizzare informazioni in modo che non dovrai reinserirle nelle visite future, fornire contenuti e informazioni personalizzati, monitorare l&#039;efficacia del Servizio e monitorare metriche aggregate come il numero di visitatori e visualizzazioni di pagina (anche per l&#039;uso nel monitoraggio dei visitatori da parte di affiliati). Possono anche essere utilizzati per fornire pubblicit\u00e0 mirata in base al tuo paese di origine e ad altre informazioni personali.<\/p>\n<p>Potremmo aggregare i tuoi dati personali con i dati personali di altri membri e utenti e divulgare tali informazioni a inserzionisti e altre terze parti per scopi di marketing e promozionali.<\/p>\n<p>Potremmo utilizzare le tue informazioni per organizzare promozioni, concorsi, sondaggi e altre funzionalit\u00e0 ed eventi.<\/p>\n<p><span class=\"b\">Divulgazione di informazioni<\/span><br \/>Potremmo essere tenuti a rilasciare determinati dati per ottemperare ad obblighi legali o per far rispettare i nostri\u00a0<a href=\"https:\/\/importube.com\/it\/terms-of-use\/\">Termini di utilizzo<\/a>\u00a0e altri accordi. Potremmo anche rilasciare determinati dati per proteggere i diritti, la propriet\u00e0 o la sicurezza di noi stessi, dei nostri utenti e di altri. Ci\u00f2 include la fornitura di informazioni ad altre aziende o organizzazioni come la polizia o le autorit\u00e0 governative allo scopo di proteggere o perseguire qualsiasi attivit\u00e0 illegale, indipendentemente dal fatto che sia identificata o meno nel\u00a0<a href=\"https:\/\/importube.com\/it\/terms-of-use\/\">Termini di utilizzo<\/a>.<\/p>\n<p>Se carichi, accedi o trasmetti materiale illegale o non autorizzato sul o tramite il Servizio, o sei sospettato di farlo, potremmo inoltrare tutte le informazioni disponibili alle autorit\u00e0 competenti, inclusi i rispettivi titolari dei diritti d&#039;autore, senza alcun preavviso.<\/p>\n<p><span class=\"b\">Varie<\/span><br \/>Sebbene utilizziamo misure di sicurezza fisiche, gestionali e tecniche ragionevoli dal punto di vista commerciale per proteggere le tue informazioni, la trasmissione di informazioni tramite Internet non \u00e8 completamente sicura e non possiamo assicurare o garantire la sicurezza di alcuna informazione o contenuto che ci trasmetti. Qualsiasi informazione o contenuto che ci trasmetti \u00e8 a tuo rischio e pericolo.<\/p>","protected":false},"excerpt":{"rendered":"","protected":false},"author":8,"featured_media":0,"parent":0,"menu_order":0,"comment_status":"closed","ping_status":"closed","template":"","meta":{"footnotes":""},"class_list":["post-775","page","type-page","status-publish","hentry"],"yoast_head":"<!-- This site is optimized with the Yoast SEO plugin v24.4 - https:\/\/yoast.com\/wordpress\/plugins\/seo\/ -->\n<title>Privacy Policy - Importube Downloader<\/title>\n<meta name=\"robots\" content=\"index, follow, max-snippet:-1, max-image-preview:large, max-video-preview:-1\" \/>\n<link rel=\"canonical\" href=\"https:\/\/importube.com\/it\/privacy-policy\/\" \/>\n<meta property=\"og:locale\" content=\"it_IT\" \/>\n<meta property=\"og:type\" content=\"article\" \/>\n<meta property=\"og:title\" content=\"Privacy Policy - Importube Downloader\" \/>\n<meta property=\"og:url\" content=\"https:\/\/importube.com\/it\/privacy-policy\/\" \/>\n<meta property=\"og:site_name\" content=\"Importube Downloader\" \/>\n<meta property=\"article:modified_time\" content=\"2025-03-13T01:56:37+00:00\" \/>\n<meta name=\"twitter:card\" content=\"summary_large_image\" \/>\n<script type=\"application\/ld+json\" class=\"yoast-schema-graph\">{\"@context\":\"https:\/\/schema.org\",\"@graph\":[{\"@type\":\"WebPage\",\"@id\":\"https:\/\/importube.com\/privacy-policy\/\",\"url\":\"https:\/\/importube.com\/privacy-policy\/\",\"name\":\"Privacy Policy - Importube Downloader\",\"isPartOf\":{\"@id\":\"https:\/\/importube.com\/#website\"},\"datePublished\":\"2021-08-22T08:00:53+00:00\",\"dateModified\":\"2025-03-13T01:56:37+00:00\",\"breadcrumb\":{\"@id\":\"https:\/\/importube.com\/privacy-policy\/#breadcrumb\"},\"inLanguage\":\"it-IT\",\"potentialAction\":[{\"@type\":\"ReadAction\",\"target\":[\"https:\/\/importube.com\/privacy-policy\/\"]}]},{\"@type\":\"BreadcrumbList\",\"@id\":\"https:\/\/importube.com\/privacy-policy\/#breadcrumb\",\"itemListElement\":[{\"@type\":\"ListItem\",\"position\":1,\"name\":\"Home\",\"item\":\"https:\/\/importube.com\/\"},{\"@type\":\"ListItem\",\"position\":2,\"name\":\"Privacy Policy\"}]},{\"@type\":\"WebSite\",\"@id\":\"https:\/\/importube.com\/#website\",\"url\":\"https:\/\/importube.com\/\",\"name\":\"Importube Downloader\",\"description\":\"\",\"potentialAction\":[{\"@type\":\"SearchAction\",\"target\":{\"@type\":\"EntryPoint\",\"urlTemplate\":\"https:\/\/importube.com\/?s={search_term_string}\"},\"query-input\":{\"@type\":\"PropertyValueSpecification\",\"valueRequired\":true,\"valueName\":\"search_term_string\"}}],\"inLanguage\":\"it-IT\"}]}<\/script>\n<!-- \/ Yoast SEO plugin. -->","yoast_head_json":{"title":"Privacy Policy - Importube Downloader","robots":{"index":"index","follow":"follow","max-snippet":"max-snippet:-1","max-image-preview":"max-image-preview:large","max-video-preview":"max-video-preview:-1"},"canonical":"https:\/\/importube.com\/it\/privacy-policy\/","og_locale":"it_IT","og_type":"article","og_title":"Privacy Policy - Importube Downloader","og_url":"https:\/\/importube.com\/it\/privacy-policy\/","og_site_name":"Importube Downloader","article_modified_time":"2025-03-13T01:56:37+00:00","twitter_card":"summary_large_image","schema":{"@context":"https:\/\/schema.org","@graph":[{"@type":"WebPage","@id":"https:\/\/importube.com\/privacy-policy\/","url":"https:\/\/importube.com\/privacy-policy\/","name":"Privacy Policy - Importube Downloader","isPartOf":{"@id":"https:\/\/importube.com\/#website"},"datePublished":"2021-08-22T08:00:53+00:00","dateModified":"2025-03-13T01:56:37+00:00","breadcrumb":{"@id":"https:\/\/importube.com\/privacy-policy\/#breadcrumb"},"inLanguage":"it-IT","potentialAction":[{"@type":"ReadAction","target":["https:\/\/importube.com\/privacy-policy\/"]}]},{"@type":"BreadcrumbList","@id":"https:\/\/importube.com\/privacy-policy\/#breadcrumb","itemListElement":[{"@type":"ListItem","position":1,"name":"Home","item":"https:\/\/importube.com\/"},{"@type":"ListItem","position":2,"name":"Privacy Policy"}]},{"@type":"WebSite","@id":"https:\/\/importube.com\/#website","url":"https:\/\/importube.com\/","name":"Importube Downloader","description":"","potentialAction":[{"@type":"SearchAction","target":{"@type":"EntryPoint","urlTemplate":"https:\/\/importube.com\/?s={search_term_string}"},"query-input":{"@type":"PropertyValueSpecification","valueRequired":true,"valueName":"search_term_string"}}],"inLanguage":"it-IT"}]}},"_links":{"self":[{"href":"https:\/\/importube.com\/it\/wp-json\/wp\/v2\/pages\/775","targetHints":{"allow":["GET"]}}],"collection":[{"href":"https:\/\/importube.com\/it\/wp-json\/wp\/v2\/pages"}],"about":[{"href":"https:\/\/importube.com\/it\/wp-json\/wp\/v2\/types\/page"}],"author":[{"embeddable":true,"href":"https:\/\/importube.com\/it\/wp-json\/wp\/v2\/users\/8"}],"replies":[{"embeddable":true,"href":"https:\/\/importube.com\/it\/wp-json\/wp\/v2\/comments?post=775"}],"version-history":[{"count":5,"href":"https:\/\/importube.com\/it\/wp-json\/wp\/v2\/pages\/775\/revisions"}],"predecessor-version":[{"id":1784,"href":"https:\/\/importube.com\/it\/wp-json\/wp\/v2\/pages\/775\/revisions\/1784"}],"wp:attachment":[{"href":"https:\/\/importube.com\/it\/wp-json\/wp\/v2\/media?parent=775"}],"curies":[{"name":"wp","href":"https:\/\/api.w.org\/{rel}","templated":true}]}}