{"id":775,"date":"2021-08-22T16:00:53","date_gmt":"2021-08-22T08:00:53","guid":{"rendered":"https:\/\/importube.com\/?page_id=775"},"modified":"2025-03-13T09:56:37","modified_gmt":"2025-03-13T01:56:37","slug":"privacy-policy","status":"publish","type":"page","link":"https:\/\/importube.com\/pl\/privacy-policy\/","title":{"rendered":"Polityka prywatno\u015bci"},"content":{"rendered":"<div id=\"gap-855042913\" class=\"gap-element clearfix\" style=\"display:block; height:auto;\">\n\t\t\n<style>\n#gap-855042913 {\n  padding-top: 30px;\n}\n<\/style>\n\t<\/div>\n\t\n\n<h1 style=\"text-align: left;\">Polityka prywatno\u015bci<\/h1>\n<p>Zgodnie z naszym\u00a0<a href=\"https:\/\/importube.com\/pl\/terms-of-use\/\">Warunki korzystania<\/a>, niniejszy dokument opisuje spos\u00f3b, w jaki traktujemy dane osobowe zwi\u0105zane z korzystaniem z tej witryny internetowej i oferowanych na niej i za jej po\u015brednictwem us\u0142ug (\u201eUs\u0142uga\u201d), w tym informacje podawane przez Ciebie podczas korzystania z niej.<\/p>\n<p>Wyra\u017anie i \u015bci\u015ble ograniczamy korzystanie z Us\u0142ugi do os\u00f3b doros\u0142ych powy\u017cej 18 roku \u017cycia lub wieku pe\u0142noletno\u015bci w jurysdykcji danej osoby, w zale\u017cno\u015bci od tego, kt\u00f3ry wiek jest wy\u017cszy. Ka\u017cdej osobie poni\u017cej tego wieku surowo zabrania si\u0119 korzystania z Us\u0142ugi. Nie poszukujemy ani nie zbieramy \u015bwiadomie \u017cadnych informacji osobistych ani danych od os\u00f3b, kt\u00f3re nie osi\u0105gn\u0119\u0142y tego wieku.<\/p>\n<p><span class=\"b\">Zebrane dane<\/span><br \/><span class=\"i\">Korzystanie z Us\u0142ugi.<\/span>\u00a0Gdy uzyskujesz dost\u0119p do Us\u0142ugi, korzystasz z funkcji wyszukiwania, konwertujesz pliki lub pobierasz pliki, Tw\u00f3j adres IP, kraj pochodzenia i inne nieosobowe informacje o Twoim komputerze lub urz\u0105dzeniu (takie jak \u017c\u0105dania sieciowe, typ przegl\u0105darki, j\u0119zyk przegl\u0105darki, adres URL odsy\u0142aj\u0105cy, system operacyjny oraz data i godzina \u017c\u0105da\u0144) mog\u0105 by\u0107 rejestrowane w celu uzyskania informacji z pliku dziennika, zbiorczych informacji o ruchu oraz na wypadek jakiegokolwiek przyw\u0142aszczenia informacji i\/lub tre\u015bci.<\/p>\n<p><span class=\"i\">Informacje o u\u017cytkowaniu.<\/span>\u00a0Mo\u017cemy rejestrowa\u0107 informacje dotycz\u0105ce korzystania przez Ciebie z Us\u0142ugi, takie jak wyszukiwane has\u0142a, przegl\u0105dane i pobierane tre\u015bci, a tak\u017ce inne statystyki.<\/p>\n<p><span class=\"i\">Przes\u0142ana tre\u015b\u0107.<\/span>\u00a0Mo\u017cemy gromadzi\u0107 wszelkie tre\u015bci, kt\u00f3re przesy\u0142asz, uzyskujesz dost\u0119p lub przekazujesz za po\u015brednictwem Us\u0142ugi.<\/p>\n<p><span class=\"i\">Korespondencja.<\/span>\u00a0Mo\u017cemy przechowywa\u0107 zapis wszelkiej korespondencji pomi\u0119dzy Tob\u0105 a nami.<\/p>\n<p><span class=\"i\">Ciastka.<\/span>\u00a0Gdy korzystasz z Us\u0142ugi, mo\u017cemy wys\u0142a\u0107 pliki cookie na Tw\u00f3j komputer, aby jednoznacznie zidentyfikowa\u0107 sesj\u0119 Twojej przegl\u0105darki. Mo\u017cemy u\u017cywa\u0107 zar\u00f3wno plik\u00f3w cookie sesyjnych, jak i trwa\u0142ych.<\/p>\n<p><span class=\"b\">Wykorzystanie danych<\/span><br \/>Mo\u017cemy u\u017cywa\u0107 Twoich danych, aby zapewni\u0107 Ci pewne funkcje i stworzy\u0107 spersonalizowane do\u015bwiadczenie w Us\u0142udze. Mo\u017cemy r\u00f3wnie\u017c u\u017cywa\u0107 tych danych do obs\u0142ugi, konserwacji i ulepszania funkcji i funkcjonalno\u015bci Us\u0142ugi.<\/p>\n<p>U\u017cywamy plik\u00f3w cookie, sygnalizator\u00f3w WWW i innych informacji do przechowywania informacji, dzi\u0119ki czemu nie b\u0119dziesz musia\u0142 ich ponownie wprowadza\u0107 podczas przysz\u0142ych wizyt, dostarczania spersonalizowanych tre\u015bci i informacji, monitorowania skuteczno\u015bci Us\u0142ugi i monitorowania \u0142\u0105cznych metryk, takich jak liczba odwiedzaj\u0105cych i ods\u0142on stron (w tym do monitorowania odwiedzaj\u0105cych z podmiot\u00f3w stowarzyszonych). Mog\u0105 by\u0107 one r\u00f3wnie\u017c u\u017cywane do dostarczania ukierunkowanych reklam opartych na kraju pochodzenia i innych danych osobowych.<\/p>\n<p>Mo\u017cemy \u0142\u0105czy\u0107 Twoje dane osobowe z danymi osobowymi innych cz\u0142onk\u00f3w i u\u017cytkownik\u00f3w oraz ujawnia\u0107 te informacje reklamodawcom i innym stronom trzecim w celach marketingowych i promocyjnych.<\/p>\n<p>Mo\u017cemy wykorzystywa\u0107 Twoje dane do prowadzenia promocji, konkurs\u00f3w, ankiet i innych wydarze\u0144.<\/p>\n<p><span class=\"b\">Ujawnianie informacji<\/span><br \/>Mo\u017cemy by\u0107 zobowi\u0105zani do udost\u0119pnienia niekt\u00f3rych danych w celu wype\u0142nienia obowi\u0105zk\u00f3w prawnych lub w celu wyegzekwowania naszych\u00a0<a href=\"https:\/\/importube.com\/pl\/terms-of-use\/\">Warunki korzystania<\/a>\u00a0i inne umowy. Mo\u017cemy r\u00f3wnie\u017c udost\u0119pnia\u0107 okre\u015blone dane w celu ochrony praw, w\u0142asno\u015bci lub bezpiecze\u0144stwa nas, naszych u\u017cytkownik\u00f3w i innych os\u00f3b. Obejmuje to udost\u0119pnianie informacji innym firmom lub organizacjom, takim jak policja lub organy rz\u0105dowe, w celu ochrony przed jak\u0105kolwiek nielegaln\u0105 dzia\u0142alno\u015bci\u0105 lub \u015bcigania jej, niezale\u017cnie od tego, czy jest ona zidentyfikowana w\u00a0<a href=\"https:\/\/importube.com\/pl\/terms-of-use\/\">Warunki korzystania<\/a>.<\/p>\n<p>W przypadku przes\u0142ania, uzyskania dost\u0119pu lub przekazania za po\u015brednictwem Serwisu jakichkolwiek materia\u0142\u00f3w niezgodnych z prawem lub nieautoryzowanych b\u0105d\u017a podejrzenia, \u017ce tak robisz, mo\u017cemy przekaza\u0107 wszystkie dost\u0119pne informacje odpowiednim organom, w tym odpowiednim w\u0142a\u015bcicielom praw autorskich, bez wcze\u015bniejszego powiadomienia u\u017cytkownika.<\/p>\n<p><span class=\"b\">R\u00f3\u017cnorodny<\/span><br \/>Chocia\u017c stosujemy komercyjnie uzasadnione zabezpieczenia fizyczne, zarz\u0105dcze i techniczne w celu zabezpieczenia Twoich informacji, przesy\u0142anie informacji przez Internet nie jest ca\u0142kowicie bezpieczne i nie mo\u017cemy zapewni\u0107 ani zagwarantowa\u0107 bezpiecze\u0144stwa \u017cadnych informacji lub tre\u015bci, kt\u00f3re nam przekazujesz. Wszelkie informacje lub tre\u015bci, kt\u00f3re nam przekazujesz, robisz na w\u0142asne ryzyko.<\/p>","protected":false},"excerpt":{"rendered":"","protected":false},"author":8,"featured_media":0,"parent":0,"menu_order":0,"comment_status":"closed","ping_status":"closed","template":"","meta":{"footnotes":""},"class_list":["post-775","page","type-page","status-publish","hentry"],"yoast_head":"<!-- This site is optimized with the Yoast SEO plugin v24.4 - https:\/\/yoast.com\/wordpress\/plugins\/seo\/ -->\n<title>Privacy Policy - Importube Downloader<\/title>\n<meta name=\"robots\" content=\"index, follow, max-snippet:-1, max-image-preview:large, max-video-preview:-1\" \/>\n<link rel=\"canonical\" href=\"https:\/\/importube.com\/pl\/privacy-policy\/\" \/>\n<meta property=\"og:locale\" content=\"pl_PL\" \/>\n<meta property=\"og:type\" content=\"article\" \/>\n<meta property=\"og:title\" content=\"Privacy Policy - Importube Downloader\" \/>\n<meta property=\"og:url\" content=\"https:\/\/importube.com\/pl\/privacy-policy\/\" \/>\n<meta property=\"og:site_name\" content=\"Importube Downloader\" \/>\n<meta property=\"article:modified_time\" content=\"2025-03-13T01:56:37+00:00\" \/>\n<meta name=\"twitter:card\" content=\"summary_large_image\" \/>\n<script type=\"application\/ld+json\" class=\"yoast-schema-graph\">{\"@context\":\"https:\/\/schema.org\",\"@graph\":[{\"@type\":\"WebPage\",\"@id\":\"https:\/\/importube.com\/privacy-policy\/\",\"url\":\"https:\/\/importube.com\/privacy-policy\/\",\"name\":\"Privacy Policy - Importube Downloader\",\"isPartOf\":{\"@id\":\"https:\/\/importube.com\/#website\"},\"datePublished\":\"2021-08-22T08:00:53+00:00\",\"dateModified\":\"2025-03-13T01:56:37+00:00\",\"breadcrumb\":{\"@id\":\"https:\/\/importube.com\/privacy-policy\/#breadcrumb\"},\"inLanguage\":\"pl-PL\",\"potentialAction\":[{\"@type\":\"ReadAction\",\"target\":[\"https:\/\/importube.com\/privacy-policy\/\"]}]},{\"@type\":\"BreadcrumbList\",\"@id\":\"https:\/\/importube.com\/privacy-policy\/#breadcrumb\",\"itemListElement\":[{\"@type\":\"ListItem\",\"position\":1,\"name\":\"Home\",\"item\":\"https:\/\/importube.com\/\"},{\"@type\":\"ListItem\",\"position\":2,\"name\":\"Privacy Policy\"}]},{\"@type\":\"WebSite\",\"@id\":\"https:\/\/importube.com\/#website\",\"url\":\"https:\/\/importube.com\/\",\"name\":\"Importube Downloader\",\"description\":\"\",\"potentialAction\":[{\"@type\":\"SearchAction\",\"target\":{\"@type\":\"EntryPoint\",\"urlTemplate\":\"https:\/\/importube.com\/?s={search_term_string}\"},\"query-input\":{\"@type\":\"PropertyValueSpecification\",\"valueRequired\":true,\"valueName\":\"search_term_string\"}}],\"inLanguage\":\"pl-PL\"}]}<\/script>\n<!-- \/ Yoast SEO plugin. -->","yoast_head_json":{"title":"Privacy Policy - Importube Downloader","robots":{"index":"index","follow":"follow","max-snippet":"max-snippet:-1","max-image-preview":"max-image-preview:large","max-video-preview":"max-video-preview:-1"},"canonical":"https:\/\/importube.com\/pl\/privacy-policy\/","og_locale":"pl_PL","og_type":"article","og_title":"Privacy Policy - Importube Downloader","og_url":"https:\/\/importube.com\/pl\/privacy-policy\/","og_site_name":"Importube Downloader","article_modified_time":"2025-03-13T01:56:37+00:00","twitter_card":"summary_large_image","schema":{"@context":"https:\/\/schema.org","@graph":[{"@type":"WebPage","@id":"https:\/\/importube.com\/privacy-policy\/","url":"https:\/\/importube.com\/privacy-policy\/","name":"Privacy Policy - Importube Downloader","isPartOf":{"@id":"https:\/\/importube.com\/#website"},"datePublished":"2021-08-22T08:00:53+00:00","dateModified":"2025-03-13T01:56:37+00:00","breadcrumb":{"@id":"https:\/\/importube.com\/privacy-policy\/#breadcrumb"},"inLanguage":"pl-PL","potentialAction":[{"@type":"ReadAction","target":["https:\/\/importube.com\/privacy-policy\/"]}]},{"@type":"BreadcrumbList","@id":"https:\/\/importube.com\/privacy-policy\/#breadcrumb","itemListElement":[{"@type":"ListItem","position":1,"name":"Home","item":"https:\/\/importube.com\/"},{"@type":"ListItem","position":2,"name":"Privacy Policy"}]},{"@type":"WebSite","@id":"https:\/\/importube.com\/#website","url":"https:\/\/importube.com\/","name":"Importube Downloader","description":"","potentialAction":[{"@type":"SearchAction","target":{"@type":"EntryPoint","urlTemplate":"https:\/\/importube.com\/?s={search_term_string}"},"query-input":{"@type":"PropertyValueSpecification","valueRequired":true,"valueName":"search_term_string"}}],"inLanguage":"pl-PL"}]}},"_links":{"self":[{"href":"https:\/\/importube.com\/pl\/wp-json\/wp\/v2\/pages\/775","targetHints":{"allow":["GET"]}}],"collection":[{"href":"https:\/\/importube.com\/pl\/wp-json\/wp\/v2\/pages"}],"about":[{"href":"https:\/\/importube.com\/pl\/wp-json\/wp\/v2\/types\/page"}],"author":[{"embeddable":true,"href":"https:\/\/importube.com\/pl\/wp-json\/wp\/v2\/users\/8"}],"replies":[{"embeddable":true,"href":"https:\/\/importube.com\/pl\/wp-json\/wp\/v2\/comments?post=775"}],"version-history":[{"count":5,"href":"https:\/\/importube.com\/pl\/wp-json\/wp\/v2\/pages\/775\/revisions"}],"predecessor-version":[{"id":1784,"href":"https:\/\/importube.com\/pl\/wp-json\/wp\/v2\/pages\/775\/revisions\/1784"}],"wp:attachment":[{"href":"https:\/\/importube.com\/pl\/wp-json\/wp\/v2\/media?parent=775"}],"curies":[{"name":"wp","href":"https:\/\/api.w.org\/{rel}","templated":true}]}}