{"id":775,"date":"2021-08-22T16:00:53","date_gmt":"2021-08-22T08:00:53","guid":{"rendered":"https:\/\/importube.com\/?page_id=775"},"modified":"2025-03-13T09:56:37","modified_gmt":"2025-03-13T01:56:37","slug":"privacy-policy","status":"publish","type":"page","link":"https:\/\/importube.com\/sv\/privacy-policy\/","title":{"rendered":"Sekretesspolicy"},"content":{"rendered":"<div id=\"gap-634748935\" class=\"gap-element clearfix\" style=\"display:block; height:auto;\">\n\t\t\n<style>\n#gap-634748935 {\n  padding-top: 30px;\n}\n<\/style>\n\t<\/div>\n\t\n\n<h1 style=\"text-align: left;\">Sekretesspolicy<\/h1>\n<p>Enligt v\u00e5r\u00a0<a href=\"https:\/\/importube.com\/sv\/terms-of-use\/\">Anv\u00e4ndarvillkor<\/a>, beskriver detta dokument hur vi behandlar personlig information relaterad till din anv\u00e4ndning av denna webbplats och de tj\u00e4nster som erbjuds p\u00e5 och genom den (&quot;Tj\u00e4nsten&quot;), inklusive information du tillhandah\u00e5ller n\u00e4r du anv\u00e4nder den.<\/p>\n<p>Vi begr\u00e4nsar uttryckligen och strikt anv\u00e4ndningen av tj\u00e4nsten till vuxna \u00f6ver 18 \u00e5r eller myndig \u00e5lder i individens jurisdiktion, beroende p\u00e5 vilket som \u00e4r h\u00f6gst. Alla under denna \u00e5lder \u00e4r str\u00e4ngt f\u00f6rbjudna att anv\u00e4nda Tj\u00e4nsten. Vi s\u00f6ker eller samlar inte medvetet n\u00e5gon personlig information eller data fr\u00e5n personer som inte har uppn\u00e5tt denna \u00e5lder.<\/p>\n<p><span class=\"b\">Data som samlas in<\/span><br \/><span class=\"i\">Anv\u00e4nda tj\u00e4nsten.<\/span>\u00a0N\u00e4r du anv\u00e4nder Tj\u00e4nsten, anv\u00e4nder s\u00f6kfunktionen, konverterar filer eller laddar ner filer, kan din IP-adress, ursprungsland och annan icke-personlig information om din dator eller enhet (s\u00e5som webbf\u00f6rfr\u00e5gningar, webbl\u00e4sartyp, webbl\u00e4sarspr\u00e5k, h\u00e4nvisnings-URL, operativsystem och datum och tid f\u00f6r f\u00f6rfr\u00e5gningar) registreras f\u00f6r loggfilinformation, samlad trafikinformation och i h\u00e4ndelse av att information och\/eller inneh\u00e5ll f\u00f6rskingrats.<\/p>\n<p><span class=\"i\">Anv\u00e4ndningsinformation.<\/span>\u00a0Vi kan komma att registrera information om din anv\u00e4ndning av Tj\u00e4nsten s\u00e5som dina s\u00f6ktermer, inneh\u00e5llet du kommer \u00e5t och laddar ner och annan statistik.<\/p>\n<p><span class=\"i\">Uppladdat inneh\u00e5ll.<\/span>\u00a0Allt inneh\u00e5ll som du laddar upp, kommer \u00e5t eller \u00f6verf\u00f6r via tj\u00e4nsten kan samlas in av oss.<\/p>\n<p><span class=\"i\">Korrespondenser.<\/span>\u00a0Vi kan f\u00f6ra register \u00f6ver all korrespondens mellan dig och oss.<\/p>\n<p><span class=\"i\">Sm\u00e5kakor.<\/span>\u00a0N\u00e4r du anv\u00e4nder tj\u00e4nsten kan vi skicka cookies till din dator f\u00f6r att unikt identifiera din webbl\u00e4sarsession. Vi kan anv\u00e4nda b\u00e5de sessionscookies och persistenta cookies.<\/p>\n<p><span class=\"b\">Dataanv\u00e4ndning<\/span><br \/>Vi kan anv\u00e4nda din information f\u00f6r att f\u00f6rse dig med vissa funktioner och f\u00f6r att skapa en personlig upplevelse p\u00e5 Tj\u00e4nsten. Vi kan ocks\u00e5 anv\u00e4nda den informationen f\u00f6r att driva, underh\u00e5lla och f\u00f6rb\u00e4ttra funktioner och funktionalitet hos Tj\u00e4nsten.<\/p>\n<p>Vi anv\u00e4nder cookies, webbfyrar och annan information f\u00f6r att lagra information s\u00e5 att du inte beh\u00f6ver ange den igen vid framtida bes\u00f6k, tillhandah\u00e5lla personligt inneh\u00e5ll och information, \u00f6vervaka tj\u00e4nstens effektivitet och \u00f6vervaka samlade m\u00e4tv\u00e4rden s\u00e5som antalet bes\u00f6kare och sidvisningar (inklusive f\u00f6r anv\u00e4ndning vid \u00f6vervakning av bes\u00f6kare fr\u00e5n affiliates). De kan ocks\u00e5 anv\u00e4ndas f\u00f6r att tillhandah\u00e5lla riktad reklam baserat p\u00e5 ditt ursprungsland och annan personlig information.<\/p>\n<p>Vi kan samla din personliga information med personlig information om andra medlemmar och anv\u00e4ndare, och avsl\u00f6ja s\u00e5dan information till annons\u00f6rer och andra tredje parter i marknadsf\u00f6rings- och reklamsyfte.<\/p>\n<p>Vi kan anv\u00e4nda din information f\u00f6r att genomf\u00f6ra kampanjer, t\u00e4vlingar, unders\u00f6kningar och andra funktioner och evenemang.<\/p>\n<p><span class=\"b\">Offentligg\u00f6rande av information<\/span><br \/>Vi kan bli skyldiga att l\u00e4mna ut vissa uppgifter f\u00f6r att uppfylla juridiska skyldigheter eller f\u00f6r att uppr\u00e4tth\u00e5lla v\u00e5r\u00a0<a href=\"https:\/\/importube.com\/sv\/terms-of-use\/\">Anv\u00e4ndarvillkor<\/a>\u00a0och andra avtal. Vi kan ocks\u00e5 sl\u00e4ppa vissa uppgifter f\u00f6r att skydda r\u00e4ttigheterna, egendomen eller s\u00e4kerheten f\u00f6r oss, v\u00e5ra anv\u00e4ndare och andra. Detta inkluderar tillhandah\u00e5llande av information till andra f\u00f6retag eller organisationer som polisen eller statliga myndigheter i syfte att skydda mot eller lagf\u00f6ra olaglig verksamhet, oavsett om den identifieras i\u00a0<a href=\"https:\/\/importube.com\/sv\/terms-of-use\/\">Anv\u00e4ndarvillkor<\/a>.<\/p>\n<p>Om du laddar upp, f\u00e5r \u00e5tkomst till eller \u00f6verf\u00f6r olagligt eller obeh\u00f6rigt material till eller via Tj\u00e4nsten, eller om du misst\u00e4nks f\u00f6r att g\u00f6ra s\u00e5dant, kan vi vidarebefordra all tillg\u00e4nglig information till relevanta myndigheter, inklusive respektive upphovsr\u00e4ttsinnehavare, utan n\u00e5got meddelande till dig.<\/p>\n<p><span class=\"b\">Diverse<\/span><br \/>\u00c4ven om vi anv\u00e4nder kommersiellt rimliga fysiska, administrativa och tekniska skydds\u00e5tg\u00e4rder f\u00f6r att s\u00e4kra din information, \u00e4r \u00f6verf\u00f6ringen av information via Internet inte helt s\u00e4ker och vi kan inte garantera eller garantera s\u00e4kerheten f\u00f6r n\u00e5gon information eller inneh\u00e5ll du \u00f6verf\u00f6r till oss. All information eller inneh\u00e5ll som du \u00f6verf\u00f6r till oss sker p\u00e5 egen risk.<\/p>","protected":false},"excerpt":{"rendered":"","protected":false},"author":8,"featured_media":0,"parent":0,"menu_order":0,"comment_status":"closed","ping_status":"closed","template":"","meta":{"footnotes":""},"class_list":["post-775","page","type-page","status-publish","hentry"],"yoast_head":"<!-- This site is optimized with the Yoast SEO plugin v24.4 - https:\/\/yoast.com\/wordpress\/plugins\/seo\/ -->\n<title>Privacy Policy - Importube Downloader<\/title>\n<meta name=\"robots\" content=\"index, follow, max-snippet:-1, max-image-preview:large, max-video-preview:-1\" \/>\n<link rel=\"canonical\" href=\"https:\/\/importube.com\/sv\/privacy-policy\/\" \/>\n<meta property=\"og:locale\" content=\"sv_SE\" \/>\n<meta property=\"og:type\" content=\"article\" \/>\n<meta property=\"og:title\" content=\"Privacy Policy - Importube Downloader\" \/>\n<meta property=\"og:url\" content=\"https:\/\/importube.com\/sv\/privacy-policy\/\" \/>\n<meta property=\"og:site_name\" content=\"Importube Downloader\" \/>\n<meta property=\"article:modified_time\" content=\"2025-03-13T01:56:37+00:00\" \/>\n<meta name=\"twitter:card\" content=\"summary_large_image\" \/>\n<script type=\"application\/ld+json\" class=\"yoast-schema-graph\">{\"@context\":\"https:\/\/schema.org\",\"@graph\":[{\"@type\":\"WebPage\",\"@id\":\"https:\/\/importube.com\/privacy-policy\/\",\"url\":\"https:\/\/importube.com\/privacy-policy\/\",\"name\":\"Privacy Policy - Importube Downloader\",\"isPartOf\":{\"@id\":\"https:\/\/importube.com\/#website\"},\"datePublished\":\"2021-08-22T08:00:53+00:00\",\"dateModified\":\"2025-03-13T01:56:37+00:00\",\"breadcrumb\":{\"@id\":\"https:\/\/importube.com\/privacy-policy\/#breadcrumb\"},\"inLanguage\":\"sv-SE\",\"potentialAction\":[{\"@type\":\"ReadAction\",\"target\":[\"https:\/\/importube.com\/privacy-policy\/\"]}]},{\"@type\":\"BreadcrumbList\",\"@id\":\"https:\/\/importube.com\/privacy-policy\/#breadcrumb\",\"itemListElement\":[{\"@type\":\"ListItem\",\"position\":1,\"name\":\"Home\",\"item\":\"https:\/\/importube.com\/\"},{\"@type\":\"ListItem\",\"position\":2,\"name\":\"Privacy Policy\"}]},{\"@type\":\"WebSite\",\"@id\":\"https:\/\/importube.com\/#website\",\"url\":\"https:\/\/importube.com\/\",\"name\":\"Importube Downloader\",\"description\":\"\",\"potentialAction\":[{\"@type\":\"SearchAction\",\"target\":{\"@type\":\"EntryPoint\",\"urlTemplate\":\"https:\/\/importube.com\/?s={search_term_string}\"},\"query-input\":{\"@type\":\"PropertyValueSpecification\",\"valueRequired\":true,\"valueName\":\"search_term_string\"}}],\"inLanguage\":\"sv-SE\"}]}<\/script>\n<!-- \/ Yoast SEO plugin. -->","yoast_head_json":{"title":"Privacy Policy - Importube Downloader","robots":{"index":"index","follow":"follow","max-snippet":"max-snippet:-1","max-image-preview":"max-image-preview:large","max-video-preview":"max-video-preview:-1"},"canonical":"https:\/\/importube.com\/sv\/privacy-policy\/","og_locale":"sv_SE","og_type":"article","og_title":"Privacy Policy - Importube Downloader","og_url":"https:\/\/importube.com\/sv\/privacy-policy\/","og_site_name":"Importube Downloader","article_modified_time":"2025-03-13T01:56:37+00:00","twitter_card":"summary_large_image","schema":{"@context":"https:\/\/schema.org","@graph":[{"@type":"WebPage","@id":"https:\/\/importube.com\/privacy-policy\/","url":"https:\/\/importube.com\/privacy-policy\/","name":"Privacy Policy - Importube Downloader","isPartOf":{"@id":"https:\/\/importube.com\/#website"},"datePublished":"2021-08-22T08:00:53+00:00","dateModified":"2025-03-13T01:56:37+00:00","breadcrumb":{"@id":"https:\/\/importube.com\/privacy-policy\/#breadcrumb"},"inLanguage":"sv-SE","potentialAction":[{"@type":"ReadAction","target":["https:\/\/importube.com\/privacy-policy\/"]}]},{"@type":"BreadcrumbList","@id":"https:\/\/importube.com\/privacy-policy\/#breadcrumb","itemListElement":[{"@type":"ListItem","position":1,"name":"Home","item":"https:\/\/importube.com\/"},{"@type":"ListItem","position":2,"name":"Privacy Policy"}]},{"@type":"WebSite","@id":"https:\/\/importube.com\/#website","url":"https:\/\/importube.com\/","name":"Importube Downloader","description":"","potentialAction":[{"@type":"SearchAction","target":{"@type":"EntryPoint","urlTemplate":"https:\/\/importube.com\/?s={search_term_string}"},"query-input":{"@type":"PropertyValueSpecification","valueRequired":true,"valueName":"search_term_string"}}],"inLanguage":"sv-SE"}]}},"_links":{"self":[{"href":"https:\/\/importube.com\/sv\/wp-json\/wp\/v2\/pages\/775","targetHints":{"allow":["GET"]}}],"collection":[{"href":"https:\/\/importube.com\/sv\/wp-json\/wp\/v2\/pages"}],"about":[{"href":"https:\/\/importube.com\/sv\/wp-json\/wp\/v2\/types\/page"}],"author":[{"embeddable":true,"href":"https:\/\/importube.com\/sv\/wp-json\/wp\/v2\/users\/8"}],"replies":[{"embeddable":true,"href":"https:\/\/importube.com\/sv\/wp-json\/wp\/v2\/comments?post=775"}],"version-history":[{"count":5,"href":"https:\/\/importube.com\/sv\/wp-json\/wp\/v2\/pages\/775\/revisions"}],"predecessor-version":[{"id":1784,"href":"https:\/\/importube.com\/sv\/wp-json\/wp\/v2\/pages\/775\/revisions\/1784"}],"wp:attachment":[{"href":"https:\/\/importube.com\/sv\/wp-json\/wp\/v2\/media?parent=775"}],"curies":[{"name":"wp","href":"https:\/\/api.w.org\/{rel}","templated":true}]}}