{"id":775,"date":"2021-08-22T16:00:53","date_gmt":"2021-08-22T08:00:53","guid":{"rendered":"https:\/\/importube.com\/?page_id=775"},"modified":"2025-03-13T09:56:37","modified_gmt":"2025-03-13T01:56:37","slug":"privacy-policy","status":"publish","type":"page","link":"https:\/\/importube.com\/tr\/privacy-policy\/","title":{"rendered":"Gizlilik Politikas\u0131"},"content":{"rendered":"<div id=\"gap-160104749\" class=\"gap-element clearfix\" style=\"display:block; height:auto;\">\n\t\t\n<style>\n#gap-160104749 {\n  padding-top: 30px;\n}\n<\/style>\n\t<\/div>\n\t\n\n<h1 style=\"text-align: left;\">Gizlilik Politikas\u0131<\/h1>\n<p>Bizim \u015fartlar\u0131m\u0131za uygun olarak\u00a0<a href=\"https:\/\/importube.com\/tr\/terms-of-use\/\">Kullan\u0131m \u015eartlar\u0131<\/a>Bu belge, bu web sitesini ve bu web sitesi \u00fczerinde ve arac\u0131l\u0131\u011f\u0131yla sunulan hizmetleri (\u201eHizmet\u201d) kullan\u0131m\u0131n\u0131za ili\u015fkin ki\u015fisel bilgileri, bu bilgileri kullan\u0131rken verdi\u011finiz bilgiler de dahil olmak \u00fczere nas\u0131l i\u015fledi\u011fimizi a\u00e7\u0131klamaktad\u0131r.<\/p>\n<p>Hizmetin kullan\u0131m\u0131n\u0131 a\u00e7\u0131k\u00e7a ve kesin bir \u015fekilde 18 ya\u015f \u00fcst\u00fc yeti\u015fkinlerle veya ki\u015finin yarg\u0131 yetkisindeki re\u015fit olma ya\u015f\u0131yla (hangisi daha b\u00fcy\u00fckse) s\u0131n\u0131rland\u0131r\u0131yoruz. Bu ya\u015f\u0131n alt\u0131ndaki herhangi birinin Hizmeti kullanmas\u0131 kesinlikle yasakt\u0131r. Bu ya\u015fa ula\u015fmam\u0131\u015f ki\u015filerden bilerek herhangi bir ki\u015fisel bilgi veya veri talep etmiyoruz veya toplam\u0131yoruz.<\/p>\n<p><span class=\"b\">Toplanan Veriler<\/span><br \/><span class=\"i\">Hizmetin Kullan\u0131m\u0131.<\/span>\u00a0Hizmete eri\u015fti\u011finizde, arama i\u015flevini kulland\u0131\u011f\u0131n\u0131zda, dosyalar\u0131 d\u00f6n\u00fc\u015ft\u00fcrd\u00fc\u011f\u00fcn\u00fczde veya dosya indirdi\u011finizde, IP adresiniz, men\u015fe \u00fclkeniz ve bilgisayar\u0131n\u0131z veya cihaz\u0131n\u0131zla ilgili di\u011fer ki\u015fisel olmayan bilgiler (web istekleri, taray\u0131c\u0131 t\u00fcr\u00fc, taray\u0131c\u0131 dili, y\u00f6nlendiren URL, i\u015fletim sistemi ve isteklerin tarihi ve saati gibi) g\u00fcnl\u00fck dosyas\u0131 bilgileri, toplu trafik bilgileri ve herhangi bir bilgi ve\/veya i\u00e7eri\u011fin k\u00f6t\u00fcye kullan\u0131lmas\u0131 durumunda kaydedilebilir.<\/p>\n<p><span class=\"i\">Kullan\u0131m Bilgileri.<\/span>\u00a0Arama terimleriniz, eri\u015fti\u011finiz ve indirdi\u011finiz i\u00e7erikler ve di\u011fer istatistikler gibi Hizmeti kullan\u0131m\u0131n\u0131za ili\u015fkin bilgileri kaydedebiliriz.<\/p>\n<p><span class=\"i\">Y\u00fcklenen \u0130\u00e7erik.<\/span>\u00a0Hizmet arac\u0131l\u0131\u011f\u0131yla y\u00fckledi\u011finiz, eri\u015fti\u011finiz veya iletti\u011finiz herhangi bir i\u00e7erik taraf\u0131m\u0131zca toplanabilir.<\/p>\n<p><span class=\"i\">Yaz\u0131\u015fmalar.<\/span>\u00a0Siz ve aram\u0131zdaki her t\u00fcrl\u00fc yaz\u0131\u015fman\u0131n kayd\u0131n\u0131 tutabiliriz.<\/p>\n<p><span class=\"i\">\u00c7erezler.<\/span>\u00a0Hizmeti kulland\u0131\u011f\u0131n\u0131zda, taray\u0131c\u0131 oturumunuzu benzersiz \u015fekilde tan\u0131mlamak i\u00e7in bilgisayar\u0131n\u0131za \u00e7erezler g\u00f6nderebiliriz. Hem oturum \u00e7erezlerini hem de kal\u0131c\u0131 \u00e7erezleri kullanabiliriz.<\/p>\n<p><span class=\"b\">Veri Kullan\u0131m\u0131<\/span><br \/>Bilgilerinizi size belirli \u00f6zellikler sunmak ve Hizmette ki\u015fiselle\u015ftirilmi\u015f bir deneyim yaratmak i\u00e7in kullanabiliriz. Ayr\u0131ca bu bilgileri Hizmetin \u00f6zelliklerini ve i\u015flevselli\u011fini i\u015fletmek, s\u00fcrd\u00fcrmek ve iyile\u015ftirmek i\u00e7in de kullanabiliriz.<\/p>\n<p>Gelecekteki ziyaretlerinizde tekrar girmenize gerek kalmamas\u0131 i\u00e7in bilgileri depolamak, ki\u015fiselle\u015ftirilmi\u015f i\u00e7erik ve bilgi sa\u011flamak, Hizmetin etkinli\u011fini izlemek ve ziyaret\u00e7i say\u0131s\u0131 ve sayfa g\u00f6r\u00fcnt\u00fclemeleri gibi toplu \u00f6l\u00e7\u00fcmleri izlemek i\u00e7in \u00e7erezleri, web i\u015faret\u00e7ilerini ve di\u011fer bilgileri kullan\u0131r\u0131z (i\u015ftirak\u00e7ilerden gelen ziyaret\u00e7ileri izlemek i\u00e7in kullan\u0131m dahil). Ayr\u0131ca, men\u015fe \u00fclkenize ve di\u011fer ki\u015fisel bilgilere g\u00f6re hedefli reklam sa\u011flamak i\u00e7in de kullan\u0131labilirler.<\/p>\n<p>Ki\u015fisel bilgilerinizi di\u011fer \u00fcyelerin ve kullan\u0131c\u0131lar\u0131n ki\u015fisel bilgileriyle birle\u015ftirebilir ve bu bilgileri pazarlama ve tan\u0131t\u0131m ama\u00e7l\u0131 olarak reklam verenlere ve di\u011fer \u00fc\u00e7\u00fcnc\u00fc taraflara a\u00e7\u0131klayabiliriz.<\/p>\n<p>Bilgilerinizi promosyonlar, yar\u0131\u015fmalar, anketler ve di\u011fer \u00f6zellikler ve etkinlikler d\u00fczenlemek i\u00e7in kullanabiliriz.<\/p>\n<p><span class=\"b\">Bilgi A\u00e7\u0131klamalar\u0131<\/span><br \/>Yasal y\u00fck\u00fcml\u00fcl\u00fcklere uymak veya yasal haklar\u0131m\u0131z\u0131 kullanmak i\u00e7in belirli verileri if\u015fa etmemiz gerekebilir.\u00a0<a href=\"https:\/\/importube.com\/tr\/terms-of-use\/\">Kullan\u0131m \u015eartlar\u0131<\/a>\u00a0ve di\u011fer anla\u015fmalar. Ayr\u0131ca, bizim, kullan\u0131c\u0131lar\u0131m\u0131z\u0131n ve di\u011ferlerinin haklar\u0131n\u0131, m\u00fclkiyetini veya g\u00fcvenli\u011fini korumak i\u00e7in belirli verileri if\u015fa edebiliriz. Bu, herhangi bir yasa d\u0131\u015f\u0131 faaliyete kar\u015f\u0131 koruma veya kovu\u015fturma amac\u0131yla polis veya h\u00fck\u00fcmet yetkilileri gibi di\u011fer \u015firketlere veya kurulu\u015flara bilgi sa\u011flamay\u0131 i\u00e7erir, ister bu, s\u00f6zle\u015fmede belirtilmi\u015f olsun ister olmas\u0131n\u00a0<a href=\"https:\/\/importube.com\/tr\/terms-of-use\/\">Kullan\u0131m \u015eartlar\u0131<\/a>.<\/p>\n<p>Hizmete veya Hizmet arac\u0131l\u0131\u011f\u0131yla herhangi bir yasa d\u0131\u015f\u0131 veya yetkisiz materyal y\u00fcklerseniz, eri\u015firseniz veya iletirseniz ya da b\u00f6yle bir \u015fey yapt\u0131\u011f\u0131n\u0131zdan \u015f\u00fcphelenilirse, size herhangi bir bildirimde bulunmaks\u0131z\u0131n, ilgili telif hakk\u0131 sahipleri de dahil olmak \u00fczere t\u00fcm mevcut bilgileri ilgili makamlara iletebiliriz.<\/p>\n<p><span class=\"b\">\u00c7e\u015fitli<\/span><br \/>Bilgilerinizi g\u00fcvence alt\u0131na almak i\u00e7in ticari olarak makul fiziksel, y\u00f6netimsel ve teknik g\u00fcvenlik \u00f6nlemleri kullan\u0131rken, \u0130nternet \u00fczerinden bilgi iletimi tamamen g\u00fcvenli de\u011fildir ve bize iletti\u011finiz herhangi bir bilginin veya i\u00e7eri\u011fin g\u00fcvenli\u011fini sa\u011flayamay\u0131z veya garanti edemeyiz. Bize iletti\u011finiz herhangi bir bilgi veya i\u00e7erik kendi riskiniz alt\u0131nda yap\u0131l\u0131r.<\/p>","protected":false},"excerpt":{"rendered":"","protected":false},"author":8,"featured_media":0,"parent":0,"menu_order":0,"comment_status":"closed","ping_status":"closed","template":"","meta":{"footnotes":""},"class_list":["post-775","page","type-page","status-publish","hentry"],"yoast_head":"<!-- This site is optimized with the Yoast SEO plugin v24.4 - https:\/\/yoast.com\/wordpress\/plugins\/seo\/ -->\n<title>Privacy Policy - Importube Downloader<\/title>\n<meta name=\"robots\" content=\"index, follow, max-snippet:-1, max-image-preview:large, max-video-preview:-1\" \/>\n<link rel=\"canonical\" href=\"https:\/\/importube.com\/tr\/privacy-policy\/\" \/>\n<meta property=\"og:locale\" content=\"tr_TR\" \/>\n<meta property=\"og:type\" content=\"article\" \/>\n<meta property=\"og:title\" content=\"Privacy Policy - Importube Downloader\" \/>\n<meta property=\"og:url\" content=\"https:\/\/importube.com\/tr\/privacy-policy\/\" \/>\n<meta property=\"og:site_name\" content=\"Importube Downloader\" \/>\n<meta property=\"article:modified_time\" content=\"2025-03-13T01:56:37+00:00\" \/>\n<meta name=\"twitter:card\" content=\"summary_large_image\" \/>\n<script type=\"application\/ld+json\" class=\"yoast-schema-graph\">{\"@context\":\"https:\/\/schema.org\",\"@graph\":[{\"@type\":\"WebPage\",\"@id\":\"https:\/\/importube.com\/privacy-policy\/\",\"url\":\"https:\/\/importube.com\/privacy-policy\/\",\"name\":\"Privacy Policy - Importube Downloader\",\"isPartOf\":{\"@id\":\"https:\/\/importube.com\/#website\"},\"datePublished\":\"2021-08-22T08:00:53+00:00\",\"dateModified\":\"2025-03-13T01:56:37+00:00\",\"breadcrumb\":{\"@id\":\"https:\/\/importube.com\/privacy-policy\/#breadcrumb\"},\"inLanguage\":\"tr\",\"potentialAction\":[{\"@type\":\"ReadAction\",\"target\":[\"https:\/\/importube.com\/privacy-policy\/\"]}]},{\"@type\":\"BreadcrumbList\",\"@id\":\"https:\/\/importube.com\/privacy-policy\/#breadcrumb\",\"itemListElement\":[{\"@type\":\"ListItem\",\"position\":1,\"name\":\"Home\",\"item\":\"https:\/\/importube.com\/\"},{\"@type\":\"ListItem\",\"position\":2,\"name\":\"Privacy Policy\"}]},{\"@type\":\"WebSite\",\"@id\":\"https:\/\/importube.com\/#website\",\"url\":\"https:\/\/importube.com\/\",\"name\":\"Importube Downloader\",\"description\":\"\",\"potentialAction\":[{\"@type\":\"SearchAction\",\"target\":{\"@type\":\"EntryPoint\",\"urlTemplate\":\"https:\/\/importube.com\/?s={search_term_string}\"},\"query-input\":{\"@type\":\"PropertyValueSpecification\",\"valueRequired\":true,\"valueName\":\"search_term_string\"}}],\"inLanguage\":\"tr\"}]}<\/script>\n<!-- \/ Yoast SEO plugin. -->","yoast_head_json":{"title":"Privacy Policy - Importube Downloader","robots":{"index":"index","follow":"follow","max-snippet":"max-snippet:-1","max-image-preview":"max-image-preview:large","max-video-preview":"max-video-preview:-1"},"canonical":"https:\/\/importube.com\/tr\/privacy-policy\/","og_locale":"tr_TR","og_type":"article","og_title":"Privacy Policy - Importube Downloader","og_url":"https:\/\/importube.com\/tr\/privacy-policy\/","og_site_name":"Importube Downloader","article_modified_time":"2025-03-13T01:56:37+00:00","twitter_card":"summary_large_image","schema":{"@context":"https:\/\/schema.org","@graph":[{"@type":"WebPage","@id":"https:\/\/importube.com\/privacy-policy\/","url":"https:\/\/importube.com\/privacy-policy\/","name":"Privacy Policy - Importube Downloader","isPartOf":{"@id":"https:\/\/importube.com\/#website"},"datePublished":"2021-08-22T08:00:53+00:00","dateModified":"2025-03-13T01:56:37+00:00","breadcrumb":{"@id":"https:\/\/importube.com\/privacy-policy\/#breadcrumb"},"inLanguage":"tr","potentialAction":[{"@type":"ReadAction","target":["https:\/\/importube.com\/privacy-policy\/"]}]},{"@type":"BreadcrumbList","@id":"https:\/\/importube.com\/privacy-policy\/#breadcrumb","itemListElement":[{"@type":"ListItem","position":1,"name":"Home","item":"https:\/\/importube.com\/"},{"@type":"ListItem","position":2,"name":"Privacy Policy"}]},{"@type":"WebSite","@id":"https:\/\/importube.com\/#website","url":"https:\/\/importube.com\/","name":"Importube Downloader","description":"","potentialAction":[{"@type":"SearchAction","target":{"@type":"EntryPoint","urlTemplate":"https:\/\/importube.com\/?s={search_term_string}"},"query-input":{"@type":"PropertyValueSpecification","valueRequired":true,"valueName":"search_term_string"}}],"inLanguage":"tr"}]}},"_links":{"self":[{"href":"https:\/\/importube.com\/tr\/wp-json\/wp\/v2\/pages\/775","targetHints":{"allow":["GET"]}}],"collection":[{"href":"https:\/\/importube.com\/tr\/wp-json\/wp\/v2\/pages"}],"about":[{"href":"https:\/\/importube.com\/tr\/wp-json\/wp\/v2\/types\/page"}],"author":[{"embeddable":true,"href":"https:\/\/importube.com\/tr\/wp-json\/wp\/v2\/users\/8"}],"replies":[{"embeddable":true,"href":"https:\/\/importube.com\/tr\/wp-json\/wp\/v2\/comments?post=775"}],"version-history":[{"count":5,"href":"https:\/\/importube.com\/tr\/wp-json\/wp\/v2\/pages\/775\/revisions"}],"predecessor-version":[{"id":1784,"href":"https:\/\/importube.com\/tr\/wp-json\/wp\/v2\/pages\/775\/revisions\/1784"}],"wp:attachment":[{"href":"https:\/\/importube.com\/tr\/wp-json\/wp\/v2\/media?parent=775"}],"curies":[{"name":"wp","href":"https:\/\/api.w.org\/{rel}","templated":true}]}}